{"id":1278,"date":"2015-07-16T09:12:51","date_gmt":"2015-07-16T09:12:51","guid":{"rendered":"https:\/\/www.atwinkfieldhouse.com\/contact\/"},"modified":"2025-05-08T18:03:50","modified_gmt":"2025-05-08T16:03:50","slug":"kontakt","status":"publish","type":"page","link":"https:\/\/atwinkfieldhouse.com\/de\/kontakt\/","title":{"rendered":"KONTAKT"},"content":{"rendered":"\n<style type=\"text\/css\" data-created_by=\"avia_inline_auto\" id=\"style-css-av-htdmk-b2bb33212bdb691ce3247d7b99f89b14\">\n.avia-section.av-htdmk-b2bb33212bdb691ce3247d7b99f89b14{\nbackground-repeat:no-repeat;\nbackground-image:url(https:\/\/atwinkfieldhouse.com\/wp-content\/uploads\/2019\/07\/DSC_4873-9-10-1500x1000.jpg);\nbackground-position:50% 50%;\nbackground-attachment:scroll;\n}\n.avia-section.av-htdmk-b2bb33212bdb691ce3247d7b99f89b14 .av-extra-border-element .av-extra-border-inner{\nbackground-color:#ffffff;\n}\n<\/style>\n<div id='av_section_1'  class='avia-section av-htdmk-b2bb33212bdb691ce3247d7b99f89b14 main_color avia-section-no-padding avia-no-border-styling  avia-builder-el-0  el_before_av_section  avia-builder-el-first  avia-full-stretch avia-bg-style-scroll av-arrow-down-section container_wrap fullsize'  data-section-bg-repeat='stretch'><div class='container av-section-cont-open' ><main  role=\"main\" itemprop=\"mainContentOfPage\"  class='template-page content  av-content-full alpha units'><div class='post-entry post-entry-type-page post-entry-1278'><div class='entry-content-wrapper clearfix'>\n\n<style type=\"text\/css\" data-created_by=\"avia_inline_auto\" id=\"style-css-av-h7loc-427eb8c44bb5005b01b9d7bc10c36075\">\n#top .hr.hr-invisible.av-h7loc-427eb8c44bb5005b01b9d7bc10c36075{\nheight:20px;\n}\n<\/style>\n<div  class='hr av-h7loc-427eb8c44bb5005b01b9d7bc10c36075 hr-invisible  avia-builder-el-1  avia-builder-el-no-sibling '><span class='hr-inner '><span class=\"hr-inner-style\"><\/span><\/span><\/div>\n<\/div><\/div><\/main><!-- close content main element --><\/div><div class='av-extra-border-element border-extra-arrow-down'><div class='av-extra-border-outer'><div class='av-extra-border-inner'><\/div><\/div><\/div><\/div>\n<style type=\"text\/css\" data-created_by=\"avia_inline_auto\" id=\"style-css-av-2s1vk4-213753451e3be3f28dacdc42283fde1b\">\n.avia-section.av-2s1vk4-213753451e3be3f28dacdc42283fde1b{\nbackground-repeat:no-repeat;\nbackground-image:url(https:\/\/atwinkfieldhouse.com\/wp-content\/uploads\/2015\/07\/ornament-bg-top-small-1.png);\nbackground-position:50% 0%;\nbackground-attachment:scroll;\n}\n.avia-section.av-2s1vk4-213753451e3be3f28dacdc42283fde1b .av-extra-border-element .av-extra-border-inner{\nbackground-color:#ffffff;\n}\n<\/style>\n<div id='av_section_2'  class='avia-section av-2s1vk4-213753451e3be3f28dacdc42283fde1b main_color avia-section-huge avia-no-border-styling  avia-builder-el-2  el_after_av_section  el_before_av_layout_row  avia-full-contain avia-bg-style-scroll av-arrow-down-section container_wrap fullsize'  data-section-bg-repeat='contain'><div class='container av-section-cont-open' ><div class='template-page content  av-content-full alpha units'><div class='post-entry post-entry-type-page post-entry-1278'><div class='entry-content-wrapper clearfix'>\n\n<style type=\"text\/css\" data-created_by=\"avia_inline_auto\" id=\"style-css-av-2mv290-1c7ca8317faa6123d053c4abb5a2963d\">\n#top .flex_column.av-2mv290-1c7ca8317faa6123d053c4abb5a2963d{\nmargin-top:-200px;\nmargin-bottom:0px;\n}\n.flex_column.av-2mv290-1c7ca8317faa6123d053c4abb5a2963d{\nborder-radius:0px 0px 0px 0px;\npadding:30px 30px 30px 30px;\nbackground-color:#ffffff;\n}\n.responsive #top #wrap_all .flex_column.av-2mv290-1c7ca8317faa6123d053c4abb5a2963d{\nmargin-top:-200px;\nmargin-bottom:0px;\n}\n<\/style>\n<div  class='flex_column av-2mv290-1c7ca8317faa6123d053c4abb5a2963d av_one_full  avia-builder-el-3  el_before_av_hr  avia-builder-el-first  first flex_column_div  '     ><style type=\"text\/css\" data-created_by=\"avia_inline_auto\" id=\"style-css-av-av_heading-3c21583096c28df291eaa91871eea0f6\">\n#top .av-special-heading.av-av_heading-3c21583096c28df291eaa91871eea0f6{\npadding-bottom:20px;\nfont-size:40px;\n}\nbody .av-special-heading.av-av_heading-3c21583096c28df291eaa91871eea0f6 .av-special-heading-tag .heading-char{\nfont-size:25px;\n}\n#top #wrap_all .av-special-heading.av-av_heading-3c21583096c28df291eaa91871eea0f6 .av-special-heading-tag{\nfont-size:40px;\n}\n.av-special-heading.av-av_heading-3c21583096c28df291eaa91871eea0f6 .av-subheading{\nfont-size:15px;\n}\n\n@media only screen and (min-width: 480px) and (max-width: 767px){ \n#top #wrap_all .av-special-heading.av-av_heading-3c21583096c28df291eaa91871eea0f6 .av-special-heading-tag{\nfont-size:0.8em;\n}\n}\n\n@media only screen and (max-width: 479px){ \n#top #wrap_all .av-special-heading.av-av_heading-3c21583096c28df291eaa91871eea0f6 .av-special-heading-tag{\nfont-size:0.8em;\n}\n}\n<\/style>\n<div  class='av-special-heading av-av_heading-3c21583096c28df291eaa91871eea0f6 av-special-heading-h1 blockquote modern-quote modern-centered  avia-builder-el-4  avia-builder-el-no-sibling  av-inherit-size'><h1 class='av-special-heading-tag '  itemprop=\"headline\"  >Kontakt &#8211; Sie sind sich nicht sicher, welches Zimmer Sie buchen sollen? Wir sind Ihnen gerne behilflich.<\/h1><div class=\"special-heading-border\"><div class=\"special-heading-inner-border\"><\/div><\/div><\/div><\/div>\n<style type=\"text\/css\" data-created_by=\"avia_inline_auto\" id=\"style-css-av-2665j8-5aa5cc70f3c6e645e639c7911f036785\">\n#top .hr.av-2665j8-5aa5cc70f3c6e645e639c7911f036785{\nmargin-top:0px;\nmargin-bottom:70px;\n}\n.hr.av-2665j8-5aa5cc70f3c6e645e639c7911f036785 .hr-inner{\nwidth:50px;\nborder-color:#f8f8f8;\nmax-width:45%;\n}\n.hr.av-2665j8-5aa5cc70f3c6e645e639c7911f036785 .av-seperator-icon{\ncolor:#e5c80c;\n}\n<\/style>\n<div  class='hr av-2665j8-5aa5cc70f3c6e645e639c7911f036785 hr-custom  avia-builder-el-5  el_after_av_one_full  el_before_av_one_half  av-desktop-hide av-medium-hide av-small-hide av-mini-hide hr-center hr-icon-yes'><span class='hr-inner inner-border-av-border-fat'><span class=\"hr-inner-style\"><\/span><\/span><span class='av-seperator-icon' aria-hidden='true' data-av_icon='\ue8ce' data-av_iconfont='entypo-fontello'><\/span><span class='hr-inner inner-border-av-border-fat'><span class=\"hr-inner-style\"><\/span><\/span><\/div>\n\n<style type=\"text\/css\" data-created_by=\"avia_inline_auto\" id=\"style-css-av-21zeu4-21b7f1c20ec69613f92a5f937377432a\">\n#top .flex_column.av-21zeu4-21b7f1c20ec69613f92a5f937377432a{\nmargin-top:-25px;\nmargin-bottom:0px;\n}\n.flex_column.av-21zeu4-21b7f1c20ec69613f92a5f937377432a{\nborder-radius:0px 0px 0px 0px;\npadding:0px 0px 0px 0px;\n}\n.responsive #top #wrap_all .flex_column.av-21zeu4-21b7f1c20ec69613f92a5f937377432a{\nmargin-top:-25px;\nmargin-bottom:0px;\n}\n<\/style>\n<div  class='flex_column av-21zeu4-21b7f1c20ec69613f92a5f937377432a av_one_half  avia-builder-el-6  el_after_av_hr  el_before_av_one_half  first flex_column_div av-animated-generic bottom-to-top av-zero-column-padding  '     ><section  class='av_textblock_section av-1wnlqs-194c089cb6ad174e7147e74a8572b93f '   itemscope=\"itemscope\" itemtype=\"https:\/\/schema.org\/CreativeWork\" ><div class='avia_textblock'  itemprop=\"text\" ><p>Unser G\u00e4stehaus ist der ideale Ort um in einer angenehmen Atmosph\u00e4re dem Alltag zu entfliehen. Erleben Sie S\u00fcdafrika, das Land der tausend Gesichter: Von den genu\u00dfversprechenden, vielfach pr\u00e4mierten, Weinbaugebieten mit den pittoresken Orten Franschoek und Stellenbosch, \u00fcber Hermanus, dem weltbekannten Ort zum &#8222;Whale Watching&#8220;, bis zur Savannenlandschaft oder im bizarren Gebirge, am st\u00fcrmischen Cape Point &#8211; dem Kap der guten Hoffnung -, mit einem Abstecher zu Strau\u00dfenfarmen oder zu den Pinguinen, in den Naturreservaten voller \u00fcberraschender Ger\u00e4usche und exotischer Ger\u00fcche, sowie an den endlosen nat\u00fcrlichen Sandstr\u00e4nden.<\/p>\n<\/div><\/section><\/div>\n<style type=\"text\/css\" data-created_by=\"avia_inline_auto\" id=\"style-css-av-1sfvjw-a15d409bb2b862d09f20a976973541ae\">\n#top .flex_column.av-1sfvjw-a15d409bb2b862d09f20a976973541ae{\nmargin-top:-25px;\nmargin-bottom:0px;\n}\n.flex_column.av-1sfvjw-a15d409bb2b862d09f20a976973541ae{\nborder-radius:0px 0px 0px 0px;\npadding:0px 0px 0px 0px;\n}\n.responsive #top #wrap_all .flex_column.av-1sfvjw-a15d409bb2b862d09f20a976973541ae{\nmargin-top:-25px;\nmargin-bottom:0px;\n}\n<\/style>\n<div  class='flex_column av-1sfvjw-a15d409bb2b862d09f20a976973541ae av_one_half  avia-builder-el-8  el_after_av_one_half  avia-builder-el-last  flex_column_div av-animated-generic bottom-to-top av-zero-column-padding  '     ><section  class='av_textblock_section av-1ng08s-6b451b253873bc34b2cc317111a6c4d6 '   itemscope=\"itemscope\" itemtype=\"https:\/\/schema.org\/CreativeWork\" ><div class='avia_textblock'  itemprop=\"text\" ><p>Gerne stehen wir Ihnen f\u00fcr Fragen<br \/>\nauch telefonisch zur Verf\u00fcgung.<\/p>\n<p><strong>At Winkfield House<\/strong><br \/>\nWestern Cape | South Africa<br \/>\n<a href=\"https:\/\/goo.gl\/maps\/xB3yCeaB95L3RQxK8\" target=\"_blank\" rel=\"noopener noreferrer\">36 Scholtz Road | Somerset West 7130<\/a><br \/>\nTel: <a href=\"tel:0824557235\" target=\"_blank\" rel=\"noopener noreferrer\">+27 82 455 72 35<\/a><br \/>\n<a href=\"mailto:info@winkfieldhouse.com\">info@winkfieldhouse.com<\/a><\/p>\n<p>Geodaten<br \/>\nL\u00e4ngengrad: 18.83475229999999<br \/>\nBreitengrad: -34.0677497<\/p>\n<\/div><\/section><\/div>\n<\/p>\n<\/div><\/div><\/div><!-- close content main div --><\/div><div class='av-extra-border-element border-extra-arrow-down'><div class='av-extra-border-outer'><div class='av-extra-border-inner'><\/div><\/div><\/div><\/div><div id='av-layout-grid-1'  class='av-layout-grid-container av-jx3nzc5e-14d592e727acfa6a81719e54a101cfd7 entry-content-wrapper main_color av-flex-cells  avia-builder-el-10  el_after_av_section  avia-builder-el-last  grid-row-not-first  container_wrap fullsize'  >\n<div class='flex_cell av-ajui4-70d434c290c3a920fa7079baa252be7e av-gridrow-cell av_one_full no_margin  avia-builder-el-11  avia-builder-el-no-sibling '  ><div class='flex_cell_inner'><section  class='av_textblock_section av-jx3nytfm-d16b2f38738811ddeca91c14b4559680 '   itemscope=\"itemscope\" itemtype=\"https:\/\/schema.org\/CreativeWork\" ><div class='avia_textblock'  itemprop=\"text\" ><p><iframe loading=\"lazy\" style=\"border: 0;\" src=\"https:\/\/www.google.com\/maps\/embed?pb=!1m18!1m12!1m3!1d3305.0692725941594!2d18.83254861549201!3d-34.067738436843285!2m3!1f0!2f0!3f0!3m2!1i1024!2i768!4f13.1!3m3!1m2!1s0x1dcdb56b1eff5d37%3A0x2dfbb6843877d045!2sAt+Winkfield+House+Accommodation!5e0!3m2!1sen!2sza!4v1560974558843!5m2!1sen!2sza\" width=\"100%\" height=\"450\" frameborder=\"0\" allowfullscreen=\"allowfullscreen\"><\/iframe><\/p>\n<\/div><\/section>\n<\/div><\/div>\n<\/div>\n","protected":false},"excerpt":{"rendered":"","protected":false},"author":1,"featured_media":0,"parent":0,"menu_order":0,"comment_status":"closed","ping_status":"open","template":"","meta":{"_mo_disable_npp":"","footnotes":""},"class_list":["post-1278","page","type-page","status-publish","hentry"],"yoast_head":"<!-- This site is optimized with the Yoast SEO plugin v26.8 - https:\/\/yoast.com\/product\/yoast-seo-wordpress\/ -->\n<title>KONTAKT - Winkfield Guest House<\/title>\n<meta name=\"robots\" content=\"index, follow, max-snippet:-1, max-image-preview:large, max-video-preview:-1\" \/>\n<link rel=\"canonical\" href=\"https:\/\/atwinkfieldhouse.com\/de\/kontakt\/\" \/>\n<meta property=\"og:locale\" content=\"de_DE\" \/>\n<meta property=\"og:type\" content=\"article\" \/>\n<meta property=\"og:title\" content=\"KONTAKT - Winkfield Guest House\" \/>\n<meta property=\"og:url\" content=\"https:\/\/atwinkfieldhouse.com\/de\/kontakt\/\" \/>\n<meta property=\"og:site_name\" content=\"Winkfield Guest House\" \/>\n<meta property=\"article:modified_time\" content=\"2025-05-08T16:03:50+00:00\" \/>\n<meta name=\"twitter:card\" content=\"summary_large_image\" \/>\n<meta name=\"twitter:label1\" content=\"Gesch\u00e4tzte Lesezeit\" \/>\n\t<meta name=\"twitter:data1\" content=\"1\u00a0Minute\" \/>\n<script type=\"application\/ld+json\" class=\"yoast-schema-graph\">{\"@context\":\"https:\/\/schema.org\",\"@graph\":[{\"@type\":\"WebPage\",\"@id\":\"https:\/\/atwinkfieldhouse.com\/de\/kontakt\/\",\"url\":\"https:\/\/atwinkfieldhouse.com\/de\/kontakt\/\",\"name\":\"KONTAKT - Winkfield Guest House\",\"isPartOf\":{\"@id\":\"https:\/\/atwinkfieldhouse.com\/en\/#website\"},\"datePublished\":\"2015-07-16T09:12:51+00:00\",\"dateModified\":\"2025-05-08T16:03:50+00:00\",\"breadcrumb\":{\"@id\":\"https:\/\/atwinkfieldhouse.com\/de\/kontakt\/#breadcrumb\"},\"inLanguage\":\"de\",\"potentialAction\":[{\"@type\":\"ReadAction\",\"target\":[\"https:\/\/atwinkfieldhouse.com\/de\/kontakt\/\"]}]},{\"@type\":\"BreadcrumbList\",\"@id\":\"https:\/\/atwinkfieldhouse.com\/de\/kontakt\/#breadcrumb\",\"itemListElement\":[{\"@type\":\"ListItem\",\"position\":1,\"name\":\"Home\",\"item\":\"https:\/\/atwinkfieldhouse.com\/de\/herzlich-willkommen\/\"},{\"@type\":\"ListItem\",\"position\":2,\"name\":\"KONTAKT\"}]},{\"@type\":\"WebSite\",\"@id\":\"https:\/\/atwinkfieldhouse.com\/en\/#website\",\"url\":\"https:\/\/atwinkfieldhouse.com\/en\/\",\"name\":\"Winkfield Guest House\",\"description\":\"Guesthouse Somerset West - Cape Town\",\"potentialAction\":[{\"@type\":\"SearchAction\",\"target\":{\"@type\":\"EntryPoint\",\"urlTemplate\":\"https:\/\/atwinkfieldhouse.com\/en\/?s={search_term_string}\"},\"query-input\":{\"@type\":\"PropertyValueSpecification\",\"valueRequired\":true,\"valueName\":\"search_term_string\"}}],\"inLanguage\":\"de\"}]}<\/script>\n<!-- \/ Yoast SEO plugin. -->","yoast_head_json":{"title":"KONTAKT - Winkfield Guest House","robots":{"index":"index","follow":"follow","max-snippet":"max-snippet:-1","max-image-preview":"max-image-preview:large","max-video-preview":"max-video-preview:-1"},"canonical":"https:\/\/atwinkfieldhouse.com\/de\/kontakt\/","og_locale":"de_DE","og_type":"article","og_title":"KONTAKT - Winkfield Guest House","og_url":"https:\/\/atwinkfieldhouse.com\/de\/kontakt\/","og_site_name":"Winkfield Guest House","article_modified_time":"2025-05-08T16:03:50+00:00","twitter_card":"summary_large_image","twitter_misc":{"Gesch\u00e4tzte Lesezeit":"1\u00a0Minute"},"schema":{"@context":"https:\/\/schema.org","@graph":[{"@type":"WebPage","@id":"https:\/\/atwinkfieldhouse.com\/de\/kontakt\/","url":"https:\/\/atwinkfieldhouse.com\/de\/kontakt\/","name":"KONTAKT - Winkfield Guest House","isPartOf":{"@id":"https:\/\/atwinkfieldhouse.com\/en\/#website"},"datePublished":"2015-07-16T09:12:51+00:00","dateModified":"2025-05-08T16:03:50+00:00","breadcrumb":{"@id":"https:\/\/atwinkfieldhouse.com\/de\/kontakt\/#breadcrumb"},"inLanguage":"de","potentialAction":[{"@type":"ReadAction","target":["https:\/\/atwinkfieldhouse.com\/de\/kontakt\/"]}]},{"@type":"BreadcrumbList","@id":"https:\/\/atwinkfieldhouse.com\/de\/kontakt\/#breadcrumb","itemListElement":[{"@type":"ListItem","position":1,"name":"Home","item":"https:\/\/atwinkfieldhouse.com\/de\/herzlich-willkommen\/"},{"@type":"ListItem","position":2,"name":"KONTAKT"}]},{"@type":"WebSite","@id":"https:\/\/atwinkfieldhouse.com\/en\/#website","url":"https:\/\/atwinkfieldhouse.com\/en\/","name":"Winkfield Guest House","description":"Guesthouse Somerset West - Cape Town","potentialAction":[{"@type":"SearchAction","target":{"@type":"EntryPoint","urlTemplate":"https:\/\/atwinkfieldhouse.com\/en\/?s={search_term_string}"},"query-input":{"@type":"PropertyValueSpecification","valueRequired":true,"valueName":"search_term_string"}}],"inLanguage":"de"}]}},"_links":{"self":[{"href":"https:\/\/atwinkfieldhouse.com\/de\/wp-json\/wp\/v2\/pages\/1278","targetHints":{"allow":["GET"]}}],"collection":[{"href":"https:\/\/atwinkfieldhouse.com\/de\/wp-json\/wp\/v2\/pages"}],"about":[{"href":"https:\/\/atwinkfieldhouse.com\/de\/wp-json\/wp\/v2\/types\/page"}],"author":[{"embeddable":true,"href":"https:\/\/atwinkfieldhouse.com\/de\/wp-json\/wp\/v2\/users\/1"}],"replies":[{"embeddable":true,"href":"https:\/\/atwinkfieldhouse.com\/de\/wp-json\/wp\/v2\/comments?post=1278"}],"version-history":[{"count":13,"href":"https:\/\/atwinkfieldhouse.com\/de\/wp-json\/wp\/v2\/pages\/1278\/revisions"}],"predecessor-version":[{"id":2099,"href":"https:\/\/atwinkfieldhouse.com\/de\/wp-json\/wp\/v2\/pages\/1278\/revisions\/2099"}],"wp:attachment":[{"href":"https:\/\/atwinkfieldhouse.com\/de\/wp-json\/wp\/v2\/media?parent=1278"}],"curies":[{"name":"wp","href":"https:\/\/api.w.org\/{rel}","templated":true}]}}