{"id":1273,"date":"2019-06-28T13:36:16","date_gmt":"2019-06-28T13:36:16","guid":{"rendered":"https:\/\/www.atwinkfieldhouse.com\/imprint\/"},"modified":"2025-06-08T09:48:45","modified_gmt":"2025-06-08T07:48:45","slug":"impressum","status":"publish","type":"page","link":"https:\/\/atwinkfieldhouse.com\/de\/impressum\/","title":{"rendered":"Impressum"},"content":{"rendered":"\n<style type=\"text\/css\" data-created_by=\"avia_inline_auto\" id=\"style-css-av-4kdf6v-84fbc9135cefadbc54a2d24276033d76\">\n.avia-section.av-4kdf6v-84fbc9135cefadbc54a2d24276033d76{\nbackground-repeat:no-repeat;\nbackground-image:url(https:\/\/atwinkfieldhouse.com\/wp-content\/uploads\/2019\/06\/guest-house-1500x501.png);\nbackground-position:50% 50%;\nbackground-attachment:scroll;\n}\n<\/style>\n<div id='av_section_1'  class='avia-section av-4kdf6v-84fbc9135cefadbc54a2d24276033d76 main_color avia-section-default avia-no-shadow  avia-builder-el-0  el_before_av_section  avia-builder-el-first  avia-full-stretch avia-bg-style-scroll av-minimum-height av-minimum-height-custom av-height-custom  container_wrap fullsize'  data-section-bg-repeat='stretch' data-av_minimum_height_px='450'><div class='container av-section-cont-open' style='height:450px'><main  role=\"main\" itemprop=\"mainContentOfPage\"  class='template-page content  av-content-full alpha units'><div class='post-entry post-entry-type-page post-entry-1273'><div class='entry-content-wrapper clearfix'>\n<\/div><\/div><\/main><!-- close content main element --><\/div><\/div>\n<style type=\"text\/css\" data-created_by=\"avia_inline_auto\" id=\"style-css-av-4chvmn-5ca169020d0879a326a6bd488f21ae1c\">\n.avia-section.av-4chvmn-5ca169020d0879a326a6bd488f21ae1c{\nbackground-repeat:no-repeat;\nbackground-image:url(https:\/\/atwinkfieldhouse.com\/wp-content\/uploads\/2015\/07\/ornament-bg-top-small-1.png);\nbackground-position:50% 0%;\nbackground-attachment:scroll;\n}\n.avia-section.av-4chvmn-5ca169020d0879a326a6bd488f21ae1c .av-extra-border-element .av-extra-border-inner{\nbackground-color:#ffffff;\n}\n<\/style>\n<div id='av_section_2'  class='avia-section av-4chvmn-5ca169020d0879a326a6bd488f21ae1c main_color avia-section-huge avia-no-border-styling  avia-builder-el-1  el_after_av_section  el_before_av_one_full  avia-full-contain avia-bg-style-scroll av-arrow-down-section container_wrap fullsize'  data-section-bg-repeat='contain'><div class='container av-section-cont-open' ><div class='template-page content  av-content-full alpha units'><div class='post-entry post-entry-type-page post-entry-1273'><div class='entry-content-wrapper clearfix'>\n\n<style type=\"text\/css\" data-created_by=\"avia_inline_auto\" id=\"style-css-av-ezcun-afea93cd849e1414ffd0ba5fcb20e7a0\">\n#top .flex_column.av-ezcun-afea93cd849e1414ffd0ba5fcb20e7a0{\nmargin-top:-200px;\nmargin-bottom:0px;\n}\n.flex_column.av-ezcun-afea93cd849e1414ffd0ba5fcb20e7a0{\nborder-radius:0px 0px 0px 0px;\npadding:30px 30px 30px 30px;\nbackground-color:#ffffff;\n}\n.responsive #top #wrap_all .flex_column.av-ezcun-afea93cd849e1414ffd0ba5fcb20e7a0{\nmargin-top:-200px;\nmargin-bottom:0px;\n}\n<\/style>\n<div  class='flex_column av-ezcun-afea93cd849e1414ffd0ba5fcb20e7a0 av_one_full  avia-builder-el-2  el_before_av_hr  avia-builder-el-first  first flex_column_div  '     ><p>\n<style type=\"text\/css\" data-created_by=\"avia_inline_auto\" id=\"style-css-av-av_heading-2e8550db420a7ad5ac86067e518378b3\">\n#top .av-special-heading.av-av_heading-2e8550db420a7ad5ac86067e518378b3{\npadding-bottom:20px;\nfont-size:40px;\n}\nbody .av-special-heading.av-av_heading-2e8550db420a7ad5ac86067e518378b3 .av-special-heading-tag .heading-char{\nfont-size:25px;\n}\n#top #wrap_all .av-special-heading.av-av_heading-2e8550db420a7ad5ac86067e518378b3 .av-special-heading-tag{\nfont-size:40px;\n}\n.av-special-heading.av-av_heading-2e8550db420a7ad5ac86067e518378b3 .av-subheading{\nfont-size:15px;\n}\n\n@media only screen and (min-width: 480px) and (max-width: 767px){ \n#top #wrap_all .av-special-heading.av-av_heading-2e8550db420a7ad5ac86067e518378b3 .av-special-heading-tag{\nfont-size:0.8em;\n}\n}\n\n@media only screen and (max-width: 479px){ \n#top #wrap_all .av-special-heading.av-av_heading-2e8550db420a7ad5ac86067e518378b3 .av-special-heading-tag{\nfont-size:0.8em;\n}\n}\n<\/style>\n<div  class='av-special-heading av-av_heading-2e8550db420a7ad5ac86067e518378b3 av-special-heading-h1 blockquote modern-quote modern-centered  avia-builder-el-3  el_before_av_button  avia-builder-el-first  av-inherit-size'><h1 class='av-special-heading-tag '  itemprop=\"headline\"  >Haftungsausschluss<\/h1><div class=\"special-heading-border\"><div class=\"special-heading-inner-border\"><\/div><\/div><\/div><br \/>\n<div  class='avia-button-wrap av-jxef4zln-1edb776470f7cef4a4128ab5f8030baa-wrap avia-button-center  avia-builder-el-4  el_after_av_heading  avia-builder-el-last '><a href='https:\/\/book.nightsbridge.com\/10521' class='avia-button av-jxef4zln-1edb776470f7cef4a4128ab5f8030baa av-link-btn avia-icon_select-no avia-size-large avia-position-center avia-color-theme-color' target=\"_blank\" rel=\"noopener noreferrer\" aria-label=\"Jetzt buchen\"><span class='avia_iconbox_title' >Jetzt buchen<\/span><\/a><\/div><\/p><\/div>\n<style type=\"text\/css\" data-created_by=\"avia_inline_auto\" id=\"style-css-av-3xe40f-df2486d19ca39e578b01009e833d450a\">\n#top .hr.av-3xe40f-df2486d19ca39e578b01009e833d450a{\nmargin-top:0px;\nmargin-bottom:70px;\n}\n.hr.av-3xe40f-df2486d19ca39e578b01009e833d450a .hr-inner{\nwidth:50px;\nborder-color:#f8f8f8;\nmax-width:45%;\n}\n.hr.av-3xe40f-df2486d19ca39e578b01009e833d450a .av-seperator-icon{\ncolor:#e5c80c;\n}\n<\/style>\n<div  class='hr av-3xe40f-df2486d19ca39e578b01009e833d450a hr-custom  avia-builder-el-5  el_after_av_one_full  el_before_av_one_third  av-desktop-hide av-medium-hide av-small-hide av-mini-hide hr-center hr-icon-yes'><span class='hr-inner inner-border-av-border-fat'><span class=\"hr-inner-style\"><\/span><\/span><span class='av-seperator-icon' aria-hidden='true' data-av_icon='\ue8ce' data-av_iconfont='entypo-fontello'><\/span><span class='hr-inner inner-border-av-border-fat'><span class=\"hr-inner-style\"><\/span><\/span><\/div>\n\n<style type=\"text\/css\" data-created_by=\"avia_inline_auto\" id=\"style-css-av-dl2nz-7e2fc2788795b9b94e840792f4aa1997\">\n.flex_column.av-dl2nz-7e2fc2788795b9b94e840792f4aa1997{\nborder-radius:0px 0px 0px 0px;\npadding:0px 0px 0px 0px;\n}\n<\/style>\n<div  class='flex_column av-dl2nz-7e2fc2788795b9b94e840792f4aa1997 av_one_third  avia-builder-el-6  el_after_av_hr  el_before_av_one_third  first flex_column_div av-animated-generic bottom-to-top av-zero-column-padding  '     ><p>\n<style type=\"text\/css\" data-created_by=\"avia_inline_auto\" id=\"style-css-av-av_heading-d084ad73fc0165c08449e4fcfcb546ee\">\n#top .av-special-heading.av-av_heading-d084ad73fc0165c08449e4fcfcb546ee{\npadding-bottom:20px;\nfont-size:24px;\n}\nbody .av-special-heading.av-av_heading-d084ad73fc0165c08449e4fcfcb546ee .av-special-heading-tag .heading-char{\nfont-size:25px;\n}\n#top #wrap_all .av-special-heading.av-av_heading-d084ad73fc0165c08449e4fcfcb546ee .av-special-heading-tag{\nfont-size:24px;\n}\n.av-special-heading.av-av_heading-d084ad73fc0165c08449e4fcfcb546ee .av-subheading{\nfont-size:15px;\n}\n\n@media only screen and (min-width: 480px) and (max-width: 767px){ \n#top #wrap_all .av-special-heading.av-av_heading-d084ad73fc0165c08449e4fcfcb546ee .av-special-heading-tag{\nfont-size:0.8em;\n}\n}\n\n@media only screen and (max-width: 479px){ \n#top #wrap_all .av-special-heading.av-av_heading-d084ad73fc0165c08449e4fcfcb546ee .av-special-heading-tag{\nfont-size:0.8em;\n}\n}\n<\/style>\n<div  class='av-special-heading av-av_heading-d084ad73fc0165c08449e4fcfcb546ee av-special-heading-h3 blockquote modern-quote modern-centered  avia-builder-el-7  el_before_av_textblock  avia-builder-el-first  av-inherit-size'><h3 class='av-special-heading-tag '  itemprop=\"headline\"  >Haftungsausschluss<\/h3><div class=\"special-heading-border\"><div class=\"special-heading-inner-border\"><\/div><\/div><\/div><br \/>\n<section  class='av_textblock_section av-3dtz8v-4f7cd710579c9790fc28257c430b8b9c '   itemscope=\"itemscope\" itemtype=\"https:\/\/schema.org\/CreativeWork\" ><div class='avia_textblock'  itemprop=\"text\" ><p>Als Diensteanbieter sind wir gem\u00e4\u00df \u00a7 7 Abs.1 TMG f\u00fcr eigene Inhalte auf diesen Seiten nach den allgemeinen Gesetzen verantwortlich. Nach \u00a7\u00a7 8 bis 10 TMG sind wir als Diensteanbieter jedoch nicht verpflichtet, \u00fcbermittelte oder gespeicherte fremde Informationen zu \u00fcberwachen oder nach Umst\u00e4nden zu forschen, die auf eine rechtswidrige T\u00e4tigkeit hinweisen. Verpflichtungen zur Entfernung oder Sperrung der Nutzung von Informationen nach den allgemeinen Gesetzen bleiben hiervon unber\u00fchrt. Eine diesbez\u00fcgliche Haftung ist jedoch erst ab dem Zeitpunkt der Kenntnis einer konkreten Rechtsverletzung m\u00f6glich. Bei Bekanntwerden von entsprechenden Rechtsverletzungen werden wir diese Inhalte umgehend entfernen.<\/p>\n<\/div><\/section><\/p><\/div>\n<style type=\"text\/css\" data-created_by=\"avia_inline_auto\" id=\"style-css-av-dl2nz-5580be8880c209d4d821bebac488e95a\">\n.flex_column.av-dl2nz-5580be8880c209d4d821bebac488e95a{\nborder-radius:0px 0px 0px 0px;\npadding:0px 0px 0px 0px;\n}\n<\/style>\n<div  class='flex_column av-dl2nz-5580be8880c209d4d821bebac488e95a av_one_third  avia-builder-el-9  el_after_av_one_third  el_before_av_one_third  flex_column_div av-animated-generic bottom-to-top av-zero-column-padding  '     ><p>\n<style type=\"text\/css\" data-created_by=\"avia_inline_auto\" id=\"style-css-av-av_heading-460790a3868eb95bc49a0c57f228aa45\">\n#top .av-special-heading.av-av_heading-460790a3868eb95bc49a0c57f228aa45{\npadding-bottom:20px;\nfont-size:24px;\n}\nbody .av-special-heading.av-av_heading-460790a3868eb95bc49a0c57f228aa45 .av-special-heading-tag .heading-char{\nfont-size:25px;\n}\n#top #wrap_all .av-special-heading.av-av_heading-460790a3868eb95bc49a0c57f228aa45 .av-special-heading-tag{\nfont-size:24px;\n}\n.av-special-heading.av-av_heading-460790a3868eb95bc49a0c57f228aa45 .av-subheading{\nfont-size:15px;\n}\n\n@media only screen and (min-width: 480px) and (max-width: 767px){ \n#top #wrap_all .av-special-heading.av-av_heading-460790a3868eb95bc49a0c57f228aa45 .av-special-heading-tag{\nfont-size:0.8em;\n}\n}\n\n@media only screen and (max-width: 479px){ \n#top #wrap_all .av-special-heading.av-av_heading-460790a3868eb95bc49a0c57f228aa45 .av-special-heading-tag{\nfont-size:0.8em;\n}\n}\n<\/style>\n<div  class='av-special-heading av-av_heading-460790a3868eb95bc49a0c57f228aa45 av-special-heading-h3 blockquote modern-quote modern-centered  avia-builder-el-10  el_before_av_textblock  avia-builder-el-first  av-inherit-size'><h3 class='av-special-heading-tag '  itemprop=\"headline\"  >Verweise und Links<\/h3><div class=\"special-heading-border\"><div class=\"special-heading-inner-border\"><\/div><\/div><\/div><br \/>\n<section  class='av_textblock_section av-3dtz8v-4f7cd710579c9790fc28257c430b8b9c '   itemscope=\"itemscope\" itemtype=\"https:\/\/schema.org\/CreativeWork\" ><div class='avia_textblock'  itemprop=\"text\" ><p>Unser Angebot enth\u00e4lt Links zu externen Webseiten Dritter, auf deren Inhalte wir keinen Einfluss haben. Deshalb k\u00f6nnen wir f\u00fcr diese fremden Inhalte auch keine Gew\u00e4hr \u00fcbernehmen. F\u00fcr die Inhalte der verlinkten Seiten ist stets der jeweilige Anbieter oder Betreiber der Seiten verantwortlich. Die verlinkten Seiten wurden zum Zeitpunkt der Verlinkung auf m\u00f6gliche Rechtsverst\u00f6\u00dfe \u00fcberpr\u00fcft. Rechtswidrige Inhalte waren zum Zeitpunkt der Verlinkung nicht erkennbar. Eine permanente inhaltliche Kontrolle der verlinkten Seiten ist jedoch ohne konkrete Anhaltspunkte einer Rechtsverletzung nicht zumutbar. Bei Bekanntwerden von Rechtsverletzungen werden wir derartige Links umgehend entfernen.<\/p>\n<\/div><\/section><\/p><\/div>\n<style type=\"text\/css\" data-created_by=\"avia_inline_auto\" id=\"style-css-av-dl2nz-5580be8880c209d4d821bebac488e95a\">\n.flex_column.av-dl2nz-5580be8880c209d4d821bebac488e95a{\nborder-radius:0px 0px 0px 0px;\npadding:0px 0px 0px 0px;\n}\n<\/style>\n<div  class='flex_column av-dl2nz-5580be8880c209d4d821bebac488e95a av_one_third  avia-builder-el-12  el_after_av_one_third  avia-builder-el-last  flex_column_div av-animated-generic bottom-to-top av-zero-column-padding  '     ><p>\n<style type=\"text\/css\" data-created_by=\"avia_inline_auto\" id=\"style-css-av-av_heading-0e62e524d67b06de0b99b4fdf62b1a49\">\n#top .av-special-heading.av-av_heading-0e62e524d67b06de0b99b4fdf62b1a49{\npadding-bottom:20px;\nfont-size:24px;\n}\nbody .av-special-heading.av-av_heading-0e62e524d67b06de0b99b4fdf62b1a49 .av-special-heading-tag .heading-char{\nfont-size:25px;\n}\n#top #wrap_all .av-special-heading.av-av_heading-0e62e524d67b06de0b99b4fdf62b1a49 .av-special-heading-tag{\nfont-size:24px;\n}\n.av-special-heading.av-av_heading-0e62e524d67b06de0b99b4fdf62b1a49 .av-subheading{\nfont-size:15px;\n}\n\n@media only screen and (min-width: 480px) and (max-width: 767px){ \n#top #wrap_all .av-special-heading.av-av_heading-0e62e524d67b06de0b99b4fdf62b1a49 .av-special-heading-tag{\nfont-size:0.8em;\n}\n}\n\n@media only screen and (max-width: 479px){ \n#top #wrap_all .av-special-heading.av-av_heading-0e62e524d67b06de0b99b4fdf62b1a49 .av-special-heading-tag{\nfont-size:0.8em;\n}\n}\n<\/style>\n<div  class='av-special-heading av-av_heading-0e62e524d67b06de0b99b4fdf62b1a49 av-special-heading-h3 blockquote modern-quote modern-centered  avia-builder-el-13  el_before_av_textblock  avia-builder-el-first  av-inherit-size'><h3 class='av-special-heading-tag '  itemprop=\"headline\"  >Urheber- und Kennzeichenrecht<\/h3><div class=\"special-heading-border\"><div class=\"special-heading-inner-border\"><\/div><\/div><\/div><br \/>\n<section  class='av_textblock_section av-3dtz8v-4f7cd710579c9790fc28257c430b8b9c '   itemscope=\"itemscope\" itemtype=\"https:\/\/schema.org\/CreativeWork\" ><div class='avia_textblock'  itemprop=\"text\" ><p>Die durch die Seitenbetreiber erstellten Inhalte und Werke auf diesen Seiten unterliegen dem deutschen Urheberrecht. Die Vervielf\u00e4ltigung, Bearbeitung, Verbreitung und jede Art der Verwertung au\u00dferhalb der Grenzen des Urheberrechtes bed\u00fcrfen der schriftlichen Zustimmung des jeweiligen Autors bzw. Erstellers. Downloads und Kopien dieser Seite sind nur f\u00fcr den privaten, nicht kommerziellen Gebrauch gestattet. Soweit die Inhalte auf dieser Seite nicht vom Betreiber erstellt wurden, werden die Urheberrechte Dritter beachtet. Insbesondere werden Inhalte Dritter als solche gekennzeichnet. Sollten Sie trotzdem auf eine Urheberrechtsverletzung aufmerksam werden, bitten wir um einen entsprechenden Hinweis. Bei Bekanntwerden von Rechtsverletzungen werden wir derartige Inhalte umgehend entfernen.<\/p>\n<\/div><\/section><\/p><\/div><\/div><\/div><\/div><!-- close content main div --><\/div><div class='av-extra-border-element border-extra-arrow-down'><div class='av-extra-border-outer'><div class='av-extra-border-inner'><\/div><\/div><\/div><\/div><div id='after_section_2'  class='main_color av_default_container_wrap container_wrap fullsize'  ><div class='container av-section-cont-open' ><div class='template-page content  av-content-full alpha units'><div class='post-entry post-entry-type-page post-entry-1273'><div class='entry-content-wrapper clearfix'>\n<style type=\"text\/css\" data-created_by=\"avia_inline_auto\" id=\"style-css-av-av_one_full-1e26125d131ba13f1accaa8241be1528\">\n.flex_column.av-av_one_full-1e26125d131ba13f1accaa8241be1528{\nborder-radius:0px 0px 0px 0px;\npadding:0px 0px 0px 0px;\n}\n<\/style>\n<div  class='flex_column av-av_one_full-1e26125d131ba13f1accaa8241be1528 av_one_full  avia-builder-el-15  el_after_av_section  el_before_av_textblock  avia-builder-el-first  first flex_column_div av-zero-column-padding  '     ><p>\n<style type=\"text\/css\" data-created_by=\"avia_inline_auto\" id=\"style-css-av-jztv701d-1aba26ade7e5cbd1df7e90de5ac69eb7\">\n#top .av-special-heading.av-jztv701d-1aba26ade7e5cbd1df7e90de5ac69eb7{\npadding-bottom:20px;\nfont-size:24px;\n}\nbody .av-special-heading.av-jztv701d-1aba26ade7e5cbd1df7e90de5ac69eb7 .av-special-heading-tag .heading-char{\nfont-size:25px;\n}\n#top #wrap_all .av-special-heading.av-jztv701d-1aba26ade7e5cbd1df7e90de5ac69eb7 .av-special-heading-tag{\nfont-size:24px;\n}\n.av-special-heading.av-jztv701d-1aba26ade7e5cbd1df7e90de5ac69eb7 .av-subheading{\nfont-size:15px;\n}\n\n@media only screen and (min-width: 480px) and (max-width: 767px){ \n#top #wrap_all .av-special-heading.av-jztv701d-1aba26ade7e5cbd1df7e90de5ac69eb7 .av-special-heading-tag{\nfont-size:0.8em;\n}\n}\n\n@media only screen and (max-width: 479px){ \n#top #wrap_all .av-special-heading.av-jztv701d-1aba26ade7e5cbd1df7e90de5ac69eb7 .av-special-heading-tag{\nfont-size:0.8em;\n}\n}\n<\/style>\n<div  class='av-special-heading av-jztv701d-1aba26ade7e5cbd1df7e90de5ac69eb7 av-special-heading-h3 blockquote modern-quote modern-centered av-inherit-size'><h3 class='av-special-heading-tag '  itemprop=\"headline\"  >Rechtswirksamkeit<\/h3><div class=\"special-heading-border\"><div class=\"special-heading-inner-border\"><\/div><\/div><\/div><br \/>\n<section  class='av_textblock_section av-jztv9z4d-86649e64956ccae3fc76ff712ca16459 '   itemscope=\"itemscope\" itemtype=\"https:\/\/schema.org\/CreativeWork\" ><div class='avia_textblock'  itemprop=\"text\" ><p>Dieser Haftungsausschluss ist als Teil des Internetangebotes zu betrachten, von dem aus auf diese Seite verwiesen wurde. Sofern Teile oder einzelne Formulierungen dieses Textes der geltenden Rechtslage nicht, nicht mehr oder nicht vollst\u00e4ndig entsprechen sollten, bleiben die \u00fcbrigen Teile des Dokumentes in ihrem Inhalt und ihrer G\u00fcltigkeit davon unber\u00fchrt.<\/p>\n<\/div><\/section><\/p><\/div><\/p>\n","protected":false},"excerpt":{"rendered":"","protected":false},"author":1,"featured_media":0,"parent":0,"menu_order":0,"comment_status":"closed","ping_status":"closed","template":"","meta":{"_mo_disable_npp":"","footnotes":""},"class_list":["post-1273","page","type-page","status-publish","hentry"],"yoast_head":"<!-- This site is optimized with the Yoast SEO plugin v26.8 - https:\/\/yoast.com\/product\/yoast-seo-wordpress\/ -->\n<title>Impressum - Winkfield Guest House<\/title>\n<meta name=\"robots\" content=\"index, follow, max-snippet:-1, max-image-preview:large, max-video-preview:-1\" \/>\n<link rel=\"canonical\" href=\"https:\/\/atwinkfieldhouse.com\/de\/impressum\/\" \/>\n<meta property=\"og:locale\" content=\"de_DE\" \/>\n<meta property=\"og:type\" content=\"article\" \/>\n<meta property=\"og:title\" content=\"Impressum - Winkfield Guest House\" \/>\n<meta property=\"og:url\" content=\"https:\/\/atwinkfieldhouse.com\/de\/impressum\/\" \/>\n<meta property=\"og:site_name\" content=\"Winkfield Guest House\" \/>\n<meta property=\"article:modified_time\" content=\"2025-06-08T07:48:45+00:00\" \/>\n<meta name=\"twitter:card\" content=\"summary_large_image\" \/>\n<meta name=\"twitter:label1\" content=\"Gesch\u00e4tzte Lesezeit\" \/>\n\t<meta name=\"twitter:data1\" content=\"2\u00a0Minuten\" \/>\n<script type=\"application\/ld+json\" class=\"yoast-schema-graph\">{\"@context\":\"https:\/\/schema.org\",\"@graph\":[{\"@type\":\"WebPage\",\"@id\":\"https:\/\/atwinkfieldhouse.com\/de\/impressum\/\",\"url\":\"https:\/\/atwinkfieldhouse.com\/de\/impressum\/\",\"name\":\"Impressum - Winkfield Guest House\",\"isPartOf\":{\"@id\":\"https:\/\/atwinkfieldhouse.com\/en\/#website\"},\"datePublished\":\"2019-06-28T13:36:16+00:00\",\"dateModified\":\"2025-06-08T07:48:45+00:00\",\"breadcrumb\":{\"@id\":\"https:\/\/atwinkfieldhouse.com\/de\/impressum\/#breadcrumb\"},\"inLanguage\":\"de\",\"potentialAction\":[{\"@type\":\"ReadAction\",\"target\":[\"https:\/\/atwinkfieldhouse.com\/de\/impressum\/\"]}]},{\"@type\":\"BreadcrumbList\",\"@id\":\"https:\/\/atwinkfieldhouse.com\/de\/impressum\/#breadcrumb\",\"itemListElement\":[{\"@type\":\"ListItem\",\"position\":1,\"name\":\"Home\",\"item\":\"https:\/\/atwinkfieldhouse.com\/de\/herzlich-willkommen\/\"},{\"@type\":\"ListItem\",\"position\":2,\"name\":\"Impressum\"}]},{\"@type\":\"WebSite\",\"@id\":\"https:\/\/atwinkfieldhouse.com\/en\/#website\",\"url\":\"https:\/\/atwinkfieldhouse.com\/en\/\",\"name\":\"Winkfield Guest House\",\"description\":\"Guesthouse Somerset West - Cape Town\",\"potentialAction\":[{\"@type\":\"SearchAction\",\"target\":{\"@type\":\"EntryPoint\",\"urlTemplate\":\"https:\/\/atwinkfieldhouse.com\/en\/?s={search_term_string}\"},\"query-input\":{\"@type\":\"PropertyValueSpecification\",\"valueRequired\":true,\"valueName\":\"search_term_string\"}}],\"inLanguage\":\"de\"}]}<\/script>\n<!-- \/ Yoast SEO plugin. -->","yoast_head_json":{"title":"Impressum - Winkfield Guest House","robots":{"index":"index","follow":"follow","max-snippet":"max-snippet:-1","max-image-preview":"max-image-preview:large","max-video-preview":"max-video-preview:-1"},"canonical":"https:\/\/atwinkfieldhouse.com\/de\/impressum\/","og_locale":"de_DE","og_type":"article","og_title":"Impressum - Winkfield Guest House","og_url":"https:\/\/atwinkfieldhouse.com\/de\/impressum\/","og_site_name":"Winkfield Guest House","article_modified_time":"2025-06-08T07:48:45+00:00","twitter_card":"summary_large_image","twitter_misc":{"Gesch\u00e4tzte Lesezeit":"2\u00a0Minuten"},"schema":{"@context":"https:\/\/schema.org","@graph":[{"@type":"WebPage","@id":"https:\/\/atwinkfieldhouse.com\/de\/impressum\/","url":"https:\/\/atwinkfieldhouse.com\/de\/impressum\/","name":"Impressum - Winkfield Guest House","isPartOf":{"@id":"https:\/\/atwinkfieldhouse.com\/en\/#website"},"datePublished":"2019-06-28T13:36:16+00:00","dateModified":"2025-06-08T07:48:45+00:00","breadcrumb":{"@id":"https:\/\/atwinkfieldhouse.com\/de\/impressum\/#breadcrumb"},"inLanguage":"de","potentialAction":[{"@type":"ReadAction","target":["https:\/\/atwinkfieldhouse.com\/de\/impressum\/"]}]},{"@type":"BreadcrumbList","@id":"https:\/\/atwinkfieldhouse.com\/de\/impressum\/#breadcrumb","itemListElement":[{"@type":"ListItem","position":1,"name":"Home","item":"https:\/\/atwinkfieldhouse.com\/de\/herzlich-willkommen\/"},{"@type":"ListItem","position":2,"name":"Impressum"}]},{"@type":"WebSite","@id":"https:\/\/atwinkfieldhouse.com\/en\/#website","url":"https:\/\/atwinkfieldhouse.com\/en\/","name":"Winkfield Guest House","description":"Guesthouse Somerset West - Cape Town","potentialAction":[{"@type":"SearchAction","target":{"@type":"EntryPoint","urlTemplate":"https:\/\/atwinkfieldhouse.com\/en\/?s={search_term_string}"},"query-input":{"@type":"PropertyValueSpecification","valueRequired":true,"valueName":"search_term_string"}}],"inLanguage":"de"}]}},"_links":{"self":[{"href":"https:\/\/atwinkfieldhouse.com\/de\/wp-json\/wp\/v2\/pages\/1273","targetHints":{"allow":["GET"]}}],"collection":[{"href":"https:\/\/atwinkfieldhouse.com\/de\/wp-json\/wp\/v2\/pages"}],"about":[{"href":"https:\/\/atwinkfieldhouse.com\/de\/wp-json\/wp\/v2\/types\/page"}],"author":[{"embeddable":true,"href":"https:\/\/atwinkfieldhouse.com\/de\/wp-json\/wp\/v2\/users\/1"}],"replies":[{"embeddable":true,"href":"https:\/\/atwinkfieldhouse.com\/de\/wp-json\/wp\/v2\/comments?post=1273"}],"version-history":[{"count":14,"href":"https:\/\/atwinkfieldhouse.com\/de\/wp-json\/wp\/v2\/pages\/1273\/revisions"}],"predecessor-version":[{"id":2143,"href":"https:\/\/atwinkfieldhouse.com\/de\/wp-json\/wp\/v2\/pages\/1273\/revisions\/2143"}],"wp:attachment":[{"href":"https:\/\/atwinkfieldhouse.com\/de\/wp-json\/wp\/v2\/media?parent=1273"}],"curies":[{"name":"wp","href":"https:\/\/api.w.org\/{rel}","templated":true}]}}