{"id":1253,"date":"2016-02-19T21:17:50","date_gmt":"2016-02-19T21:17:50","guid":{"rendered":"https:\/\/www.atwinkfieldhouse.com\/prices\/"},"modified":"2025-11-07T10:32:49","modified_gmt":"2025-11-07T08:32:49","slug":"preise","status":"publish","type":"page","link":"https:\/\/atwinkfieldhouse.com\/de\/preise\/","title":{"rendered":"PREISE"},"content":{"rendered":"\n<style type=\"text\/css\" data-created_by=\"avia_inline_auto\" id=\"style-css-av-o68w1-818777b8246b8e27af579998657eb8fa\">\n.avia-section.av-o68w1-818777b8246b8e27af579998657eb8fa{\nbackground-repeat:no-repeat;\nbackground-image:url(https:\/\/atwinkfieldhouse.com\/wp-content\/uploads\/2019\/08\/prices.jpg);\nbackground-position:50% 0%;\nbackground-attachment:scroll;\n}\n<\/style>\n<div id='av_section_1'  class='avia-section av-o68w1-818777b8246b8e27af579998657eb8fa main_color avia-section-default avia-no-shadow  avia-builder-el-0  el_before_av_section  avia-builder-el-first  avia-full-stretch avia-bg-style-scroll av-minimum-height av-minimum-height-custom av-height-custom  container_wrap fullsize'  data-section-bg-repeat='stretch' data-av_minimum_height_px='450'><div class='container av-section-cont-open' style='height:450px'><main  role=\"main\" itemprop=\"mainContentOfPage\"  class='template-page content  av-content-full alpha units'><div class='post-entry post-entry-type-page post-entry-1253'><div class='entry-content-wrapper clearfix'>\n<\/div><\/div><\/main><!-- close content main element --><\/div><\/div>\n<style type=\"text\/css\" data-created_by=\"avia_inline_auto\" id=\"style-css-av-6lrui9-ae4bc29cd23af26dff3ab1bd3395312e\">\n.avia-section.av-6lrui9-ae4bc29cd23af26dff3ab1bd3395312e{\nbackground-repeat:no-repeat;\nbackground-image:url(https:\/\/atwinkfieldhouse.com\/wp-content\/uploads\/2015\/07\/ornament-bg-top-small-1.png);\nbackground-position:50% 0%;\nbackground-attachment:scroll;\n}\n.avia-section.av-6lrui9-ae4bc29cd23af26dff3ab1bd3395312e .av-extra-border-element .av-extra-border-inner{\nbackground-color:#ffffff;\n}\n<\/style>\n<div id='av_section_2'  class='avia-section av-6lrui9-ae4bc29cd23af26dff3ab1bd3395312e main_color avia-section-huge avia-no-border-styling  avia-builder-el-1  el_after_av_section  el_before_av_one_half  avia-full-contain avia-bg-style-scroll av-arrow-down-section container_wrap fullsize'  data-section-bg-repeat='contain'><div class='container av-section-cont-open' ><div class='template-page content  av-content-full alpha units'><div class='post-entry post-entry-type-page post-entry-1253'><div class='entry-content-wrapper clearfix'>\n\n<style type=\"text\/css\" data-created_by=\"avia_inline_auto\" id=\"style-css-av-6b3nhl-11c57b7f336a8677d214d6a9f256d758\">\n#top .flex_column.av-6b3nhl-11c57b7f336a8677d214d6a9f256d758{\nmargin-top:-200px;\nmargin-bottom:0px;\n}\n.flex_column.av-6b3nhl-11c57b7f336a8677d214d6a9f256d758{\nborder-radius:0px 0px 0px 0px;\npadding:30px 30px 30px 30px;\nbackground-color:#ffffff;\n}\n.responsive #top #wrap_all .flex_column.av-6b3nhl-11c57b7f336a8677d214d6a9f256d758{\nmargin-top:-200px;\nmargin-bottom:0px;\n}\n<\/style>\n<div  class='flex_column av-6b3nhl-11c57b7f336a8677d214d6a9f256d758 av_one_full  avia-builder-el-2  el_before_av_hr  avia-builder-el-first  first flex_column_div  '     ><p>\n<style type=\"text\/css\" data-created_by=\"avia_inline_auto\" id=\"style-css-av-av_heading-5a44f346351ff0e12fd5784bba1a7ee3\">\n#top .av-special-heading.av-av_heading-5a44f346351ff0e12fd5784bba1a7ee3{\npadding-bottom:20px;\nfont-size:40px;\n}\nbody .av-special-heading.av-av_heading-5a44f346351ff0e12fd5784bba1a7ee3 .av-special-heading-tag .heading-char{\nfont-size:25px;\n}\n#top #wrap_all .av-special-heading.av-av_heading-5a44f346351ff0e12fd5784bba1a7ee3 .av-special-heading-tag{\nfont-size:40px;\n}\n.av-special-heading.av-av_heading-5a44f346351ff0e12fd5784bba1a7ee3 .av-subheading{\nfont-size:15px;\n}\n\n@media only screen and (min-width: 480px) and (max-width: 767px){ \n#top #wrap_all .av-special-heading.av-av_heading-5a44f346351ff0e12fd5784bba1a7ee3 .av-special-heading-tag{\nfont-size:0.8em;\n}\n}\n\n@media only screen and (max-width: 479px){ \n#top #wrap_all .av-special-heading.av-av_heading-5a44f346351ff0e12fd5784bba1a7ee3 .av-special-heading-tag{\nfont-size:0.8em;\n}\n}\n<\/style>\n<div  class='av-special-heading av-av_heading-5a44f346351ff0e12fd5784bba1a7ee3 av-special-heading-h1 blockquote modern-quote modern-centered  avia-builder-el-3  el_before_av_button  avia-builder-el-first  av-inherit-size'><h1 class='av-special-heading-tag '  itemprop=\"headline\"  >Preise<\/h1><div class=\"special-heading-border\"><div class=\"special-heading-inner-border\"><\/div><\/div><\/div><br \/>\n<div  class='avia-button-wrap av-jxeeodkn-94a549331d8f1abfe3561db9a16702a2-wrap avia-button-center  avia-builder-el-4  el_after_av_heading  avia-builder-el-last '><a href='https:\/\/book.nightsbridge.com\/10521' class='avia-button av-jxeeodkn-94a549331d8f1abfe3561db9a16702a2 av-link-btn avia-icon_select-no avia-size-large avia-position-center avia-color-theme-color' target=\"_blank\" rel=\"noopener noreferrer\" aria-label=\"Jetzt buchen\"><span class='avia_iconbox_title' >Jetzt buchen<\/span><\/a><\/div><\/p><\/div>\n<style type=\"text\/css\" data-created_by=\"avia_inline_auto\" id=\"style-css-av-lonkx-b2a16b43d6c075b968f0bdd494c6b42f\">\n#top .hr.av-lonkx-b2a16b43d6c075b968f0bdd494c6b42f{\nmargin-top:0px;\nmargin-bottom:70px;\n}\n.hr.av-lonkx-b2a16b43d6c075b968f0bdd494c6b42f .hr-inner{\nwidth:50px;\nborder-color:#f8f8f8;\nmax-width:45%;\n}\n.hr.av-lonkx-b2a16b43d6c075b968f0bdd494c6b42f .av-seperator-icon{\ncolor:#e5c80c;\n}\n<\/style>\n<div  class='hr av-lonkx-b2a16b43d6c075b968f0bdd494c6b42f hr-custom  avia-builder-el-5  el_after_av_one_full  el_before_av_two_third  av-desktop-hide av-medium-hide av-small-hide av-mini-hide hr-center hr-icon-yes'><span class='hr-inner inner-border-av-border-fat'><span class=\"hr-inner-style\"><\/span><\/span><span class='av-seperator-icon' aria-hidden='true' data-av_icon='\ue8ce' data-av_iconfont='entypo-fontello'><\/span><span class='hr-inner inner-border-av-border-fat'><span class=\"hr-inner-style\"><\/span><\/span><\/div>\n\n<style type=\"text\/css\" data-created_by=\"avia_inline_auto\" id=\"style-css-av-5bt6lt-baa1f7598c9dd59379b0363fad92aca1\">\n#top .flex_column.av-5bt6lt-baa1f7598c9dd59379b0363fad92aca1{\nmargin-top:-25px;\nmargin-bottom:0px;\n}\n.flex_column.av-5bt6lt-baa1f7598c9dd59379b0363fad92aca1{\nborder-radius:0px 0px 0px 0px;\npadding:0px 0px 0px 0px;\n}\n.responsive #top #wrap_all .flex_column.av-5bt6lt-baa1f7598c9dd59379b0363fad92aca1{\nmargin-top:-25px;\nmargin-bottom:0px;\n}\n<\/style>\n<div  class='flex_column av-5bt6lt-baa1f7598c9dd59379b0363fad92aca1 av_two_third  avia-builder-el-6  el_after_av_hr  el_before_av_one_third  first flex_column_div av-animated-generic bottom-to-top av-zero-column-padding  '     ><section  class='av_textblock_section av-5jvbtl-f7fab956e3c7f41d53c71e099f0560e5 '   itemscope=\"itemscope\" itemtype=\"https:\/\/schema.org\/CreativeWork\" ><div class='avia_textblock'  itemprop=\"text\" ><p><strong>Preise<\/strong><\/p>\n<table width=\"600\">\n<tbody>\n<tr>\n<td width=\"400\">Hochsaison vom 01. Oktober \u2013 30. April<\/td>\n<td width=\"100\">Pro Person und Nacht mit 2 Pers.<\/td>\n<td width=\"100\">Einzelperson pro Nacht<\/td>\n<\/tr>\n<tr>\n<td width=\"400\">Standard Doppelzimmer mit Badezimmer en-suite<\/p>\n<p>Mit Fr\u00fchst\u00fcck<\/td>\n<td width=\"100\">R 1590,&#8211;<\/p>\n<p>R 1880,&#8211;<\/td>\n<td width=\"100\">R 2290,&#8211;<\/p>\n<p>R 2580,&#8211;<\/td>\n<\/tr>\n<tr>\n<td width=\"400\">Suite mit eigener K\u00fcche und Garten<\/p>\n<p>Mit Fr\u00fchst\u00fcck<\/td>\n<td width=\"100\">R 2950,&#8211;<\/p>\n<p>R 3240,&#8211;<\/td>\n<td width=\"100\">R 5900,&#8211;<\/p>\n<p>R 6190,&#8211;<\/td>\n<\/tr>\n<tr>\n<td width=\"400\">Bayview Apartment mit eigener K\u00fcche und Terrasse<\/p>\n<p>Mit Fr\u00fchst\u00fcck<\/td>\n<td width=\"100\">R 5090,&#8211;<\/p>\n<p>R 5380,&#8211;<\/td>\n<td width=\"100\">R 10180,&#8211;<\/p>\n<p>R 10470,&#8211;<\/td>\n<\/tr>\n<tr>\n<td width=\"400\">Nebensaison vom 01. Mai \u2013 30. September<\/td>\n<td width=\"100\">Pro Person und Nacht mit 2 Pers.<\/td>\n<td width=\"100\">Einzelperson pro Nacht<\/td>\n<\/tr>\n<tr>\n<td width=\"400\">Standard Doppelzimmer mit Badezimmer en-suite<\/p>\n<p>Mit Fr\u00fchst\u00fcck<\/td>\n<td width=\"100\">R 1330,&#8211;<\/p>\n<p>R 1680,&#8211;<\/td>\n<td width=\"100\">R 2130,&#8211;<\/p>\n<p>R 2480,&#8211;<\/td>\n<\/tr>\n<tr>\n<td width=\"400\">Suite mit eigener K\u00fcche und Garten<\/p>\n<p>Mit Fr\u00fchst\u00fcck<\/td>\n<td width=\"100\">R 2980,&#8211;<\/p>\n<p>R 3330,&#8211;<\/td>\n<td width=\"100\">R 5960,&#8211;<\/p>\n<p>R 6310,&#8211;<\/td>\n<\/tr>\n<tr>\n<td width=\"400\">Bayview Apartment mit eigener K\u00fcche und Terrasse<\/p>\n<p>Mit Fr\u00fchst\u00fcck<\/td>\n<td width=\"100\">R 4140,&#8211;<\/p>\n<p>R 4490,&#8211;<\/td>\n<td width=\"100\">R 8280,&#8211;<\/p>\n<p>R 8630,&#8211;<\/td>\n<\/tr>\n<tr>\n<td width=\"400\">Fr\u00fchst\u00fcck<\/td>\n<td width=\"100\">R 350,&#8211;<\/td>\n<td width=\"100\"><\/td>\n<\/tr>\n<tr>\n<td width=\"400\">Flughafen Transfer (max. 3 Personen)<\/td>\n<td width=\"100\">R 990,&#8211;<\/td>\n<td width=\"100\"><\/td>\n<\/tr>\n<\/tbody>\n<\/table>\n<p>Die Preise beinhalten 15,5% MWST<\/p>\n<p>Kinder ab 12 Jahren auf Anfrage<\/p>\n<\/div><\/section><\/div>\n<style type=\"text\/css\" data-created_by=\"avia_inline_auto\" id=\"style-css-av-5bt6lt-e4bbf9c45b8307f227bfa26abb17f49c\">\n#top .flex_column.av-5bt6lt-e4bbf9c45b8307f227bfa26abb17f49c{\nmargin-top:-25px;\nmargin-bottom:0px;\n}\n.flex_column.av-5bt6lt-e4bbf9c45b8307f227bfa26abb17f49c{\nborder-radius:0px 0px 0px 0px;\npadding:0px 0px 0px 0px;\n}\n.responsive #top #wrap_all .flex_column.av-5bt6lt-e4bbf9c45b8307f227bfa26abb17f49c{\nmargin-top:-25px;\nmargin-bottom:0px;\n}\n<\/style>\n<div  class='flex_column av-5bt6lt-e4bbf9c45b8307f227bfa26abb17f49c av_one_third  avia-builder-el-8  el_after_av_two_third  avia-builder-el-last  flex_column_div av-animated-generic bottom-to-top av-zero-column-padding  '     ><div  class='avia-builder-widget-area clearfix  avia-builder-el-9  avia-builder-el-no-sibling '><div id=\"bcc_currency_widget-2\" class=\"widget clearfix bcc_currency_widget\"><div class=\"currency-converter-widget-wrapper cwc-legacy-wrapper\" style=\"overflow:visible;padding:4px;\">\n            <div id=\"cwc-908338e5\"><\/div>\n            <script src=\"https:\/\/widget.currency.wiki\/v3\/script.js?style=tall&#038;theme=auto&#038;accent=2563eb&#038;lang=en&#038;from=ZAR&#038;to=EUR&#038;amount=1&#038;flags=1&#038;labels=1&#038;swap=1&#038;branding=1&#038;brandinglink=1&#038;format=en-US&#038;decimals=2&#038;display=iso&#038;width=200&#038;height=280&#038;source=wp-legacy&#038;container=cwc-908338e5\"><\/script>\n        <\/div><\/div><\/div><\/div><\/div><\/div><\/div><!-- close content main div --><\/div><div class='av-extra-border-element border-extra-arrow-down'><div class='av-extra-border-outer'><div class='av-extra-border-inner'><\/div><\/div><\/div><\/div><div id='after_section_2'  class='main_color av_default_container_wrap container_wrap fullsize'  ><div class='container av-section-cont-open' ><div class='template-page content  av-content-full alpha units'><div class='post-entry post-entry-type-page post-entry-1253'><div class='entry-content-wrapper clearfix'>\n<style type=\"text\/css\" data-created_by=\"avia_inline_auto\" id=\"style-css-av-l7ju9-e9b816a4f13a900864096ae10b320f1a\">\n.flex_column.av-l7ju9-e9b816a4f13a900864096ae10b320f1a{\nborder-radius:0px 0px 0px 0px;\npadding:0px 0px 0px 0px;\n}\n<\/style>\n<div  class='flex_column av-l7ju9-e9b816a4f13a900864096ae10b320f1a av_one_half  avia-builder-el-10  el_after_av_section  el_before_av_one_half  avia-builder-el-first  first flex_column_div av-zero-column-padding  '     ><p>\n<style type=\"text\/css\" data-created_by=\"avia_inline_auto\" id=\"style-css-av-av_heading-b15a118bc7642d58b19f322ffb0bec85\">\n#top .av-special-heading.av-av_heading-b15a118bc7642d58b19f322ffb0bec85{\npadding-bottom:0;\n}\nbody .av-special-heading.av-av_heading-b15a118bc7642d58b19f322ffb0bec85 .av-special-heading-tag .heading-char{\nfont-size:25px;\n}\n.av-special-heading.av-av_heading-b15a118bc7642d58b19f322ffb0bec85 .av-subheading{\nfont-size:15px;\n}\n<\/style>\n<div  class='av-special-heading av-av_heading-b15a118bc7642d58b19f322ffb0bec85 av-special-heading-h3 blockquote modern-quote  avia-builder-el-11  el_before_av_textblock  avia-builder-el-first '><h3 class='av-special-heading-tag '  itemprop=\"headline\"  >Stornierung<\/h3><div class=\"special-heading-border\"><div class=\"special-heading-inner-border\"><\/div><\/div><\/div><br \/>\n<section  class='av_textblock_section av-5jvbtl-4e248149191f7d423f6c258622579b5b '   itemscope=\"itemscope\" itemtype=\"https:\/\/schema.org\/CreativeWork\" ><div class='avia_textblock'  itemprop=\"text\" ><p>Bei K\u00fcndigung der Buchung fallen folgende Kosten an:<\/p>\n<p>&#8211; 30 bis 15 Tage vor Ankunft 50% der \u00dcbernachtungskosten<br \/>\n&#8211; 14 Tage oder weniger vor Ankunft oder bei Nichtantritt 100% der \u00dcbernachtungskosten<\/p>\n<p>&#8211; Bei fr\u00fchzeitiger Abreise 100% der \u00dcbernachtungskosten<\/p>\n<\/div><\/section><\/p><\/div><\/p>\n\n<style type=\"text\/css\" data-created_by=\"avia_inline_auto\" id=\"style-css-av-91r1d-ba2535846fb6cf0e1d828ab34301b7bc\">\n.flex_column.av-91r1d-ba2535846fb6cf0e1d828ab34301b7bc{\nborder-radius:0px 0px 0px 0px;\npadding:0px 0px 0px 0px;\n}\n<\/style>\n<div  class='flex_column av-91r1d-ba2535846fb6cf0e1d828ab34301b7bc av_one_half  avia-builder-el-13  el_after_av_one_half  el_before_av_one_full  flex_column_div av-zero-column-padding  '     ><p><div  class='avia-button-wrap av-jxdbvnke-6827aee149a1398c7cc5ae60893c98a1-wrap avia-button-center  avia-builder-el-14  el_before_av_hr  avia-builder-el-first '><a href='https:\/\/book.nightsbridge.com\/10521' class='avia-button av-jxdbvnke-6827aee149a1398c7cc5ae60893c98a1 av-link-btn avia-icon_select-no avia-size-large avia-position-center avia-color-theme-color' target=\"_blank\" rel=\"noopener noreferrer\" aria-label=\"Jetzt buchen\"><span class='avia_iconbox_title' >Jetzt buchen<\/span><\/a><\/div><br \/>\n\n<style type=\"text\/css\" data-created_by=\"avia_inline_auto\" id=\"style-css-av-jxeep9rz-e1adc845c3c4483bef9b41aa20a07c5b\">\n#top .hr.hr-invisible.av-jxeep9rz-e1adc845c3c4483bef9b41aa20a07c5b{\nheight:10px;\n}\n<\/style>\n<div  class='hr av-jxeep9rz-e1adc845c3c4483bef9b41aa20a07c5b hr-invisible  avia-builder-el-15  el_after_av_button  el_before_av_button '><span class='hr-inner '><span class=\"hr-inner-style\"><\/span><\/span><\/div><br \/>\n<div  class='avia-button-wrap av-jxdbvnke-86788919bbaed528e3f5bf6937f368e0-wrap avia-button-center  avia-builder-el-16  el_after_av_hr  avia-builder-el-last '><a href='mailto:info@winkfieldhouse.com'  class='avia-button av-jxdbvnke-86788919bbaed528e3f5bf6937f368e0 av-link-btn avia-icon_select-no avia-size-large avia-position-center avia-color-theme-color'   aria-label=\"Anfrage stellen\"><span class='avia_iconbox_title' >Anfrage stellen<\/span><\/a><\/div><\/p><\/div>\n\n<style type=\"text\/css\" data-created_by=\"avia_inline_auto\" id=\"style-css-av-av_one_full-1e26125d131ba13f1accaa8241be1528\">\n.flex_column.av-av_one_full-1e26125d131ba13f1accaa8241be1528{\nborder-radius:0px 0px 0px 0px;\npadding:0px 0px 0px 0px;\n}\n<\/style>\n<div  class='flex_column av-av_one_full-1e26125d131ba13f1accaa8241be1528 av_one_full  avia-builder-el-17  el_after_av_one_half  avia-builder-el-last  first flex_column_div av-zero-column-padding  column-top-margin'     ><section  class='av_textblock_section av-jzs83uyw-d54078ba2aa4b660e54c586ab1e19177 '   itemscope=\"itemscope\" itemtype=\"https:\/\/schema.org\/CreativeWork\" ><div class='avia_textblock'  itemprop=\"text\" ><p>Buchungsanfragen werden gerne \u00fcber Telefon, Email oder als Online Buchung \u00fcber unsere Webseite entgegengenommen. Die Best\u00e4tigung der Buchung erfolgt nach Eingang einer Anzahlung von 50% der \u00dcbernachtungskosten innerhalb von zwei Wochen nach dem Zeitpunkt der Reservierung bzw. bei Fr\u00fchbuchern sp\u00e4testens 3 Monate vor Reiseantritt. Falls innerhalb dieser Frist keine Anzahlung erfolgt, behalten wir uns das Recht vor, die Reservierung wieder aufzuheben. Um die Buchung best\u00e4tigen zu k\u00f6nnen, ben\u00f6tigen wir Ihre Kreditkartendetails (Name des Inhabers, Kreditkartennummer, G\u00fcltigkeit und Kontrollnummer (die letzten drei Ziffern der Nummer auf der R\u00fcckseite). Durch die Mitteilung Ihrer Kreditkartendetails autorisieren Sie uns zur Abbuchung anfallender Anzahlungs- oder Stornierungskosten. F\u00fcr die Anzahlung akzeptieren wir Visa und MasterCard oder eine \u00dcberweisung auf unser Bankkonto in S\u00fcdafrika. Bitte beachten Sie, dass Ihre Buchung erst durch unsere schriftliche Best\u00e4tigung G\u00fcltigkeit erh\u00e4lt.<\/p>\n<\/div><\/section><\/div>\n","protected":false},"excerpt":{"rendered":"","protected":false},"author":1,"featured_media":0,"parent":0,"menu_order":0,"comment_status":"closed","ping_status":"closed","template":"","meta":{"_mo_disable_npp":"","footnotes":""},"class_list":["post-1253","page","type-page","status-publish","hentry"],"yoast_head":"<!-- This site is optimized with the Yoast SEO plugin v26.8 - https:\/\/yoast.com\/product\/yoast-seo-wordpress\/ -->\n<title>PREISE - Winkfield Guest House<\/title>\n<meta name=\"robots\" content=\"index, follow, max-snippet:-1, max-image-preview:large, max-video-preview:-1\" \/>\n<link rel=\"canonical\" href=\"https:\/\/atwinkfieldhouse.com\/de\/preise\/\" \/>\n<meta property=\"og:locale\" content=\"de_DE\" \/>\n<meta property=\"og:type\" content=\"article\" \/>\n<meta property=\"og:title\" content=\"PREISE - Winkfield Guest House\" \/>\n<meta property=\"og:url\" content=\"https:\/\/atwinkfieldhouse.com\/de\/preise\/\" \/>\n<meta property=\"og:site_name\" content=\"Winkfield Guest House\" \/>\n<meta property=\"article:modified_time\" content=\"2025-11-07T08:32:49+00:00\" \/>\n<meta name=\"twitter:card\" content=\"summary_large_image\" \/>\n<meta name=\"twitter:label1\" content=\"Gesch\u00e4tzte Lesezeit\" \/>\n\t<meta name=\"twitter:data1\" content=\"2\u00a0Minuten\" \/>\n<script type=\"application\/ld+json\" class=\"yoast-schema-graph\">{\"@context\":\"https:\/\/schema.org\",\"@graph\":[{\"@type\":\"WebPage\",\"@id\":\"https:\/\/atwinkfieldhouse.com\/de\/preise\/\",\"url\":\"https:\/\/atwinkfieldhouse.com\/de\/preise\/\",\"name\":\"PREISE - Winkfield Guest House\",\"isPartOf\":{\"@id\":\"https:\/\/atwinkfieldhouse.com\/en\/#website\"},\"datePublished\":\"2016-02-19T21:17:50+00:00\",\"dateModified\":\"2025-11-07T08:32:49+00:00\",\"breadcrumb\":{\"@id\":\"https:\/\/atwinkfieldhouse.com\/de\/preise\/#breadcrumb\"},\"inLanguage\":\"de\",\"potentialAction\":[{\"@type\":\"ReadAction\",\"target\":[\"https:\/\/atwinkfieldhouse.com\/de\/preise\/\"]}]},{\"@type\":\"BreadcrumbList\",\"@id\":\"https:\/\/atwinkfieldhouse.com\/de\/preise\/#breadcrumb\",\"itemListElement\":[{\"@type\":\"ListItem\",\"position\":1,\"name\":\"Home\",\"item\":\"https:\/\/atwinkfieldhouse.com\/de\/herzlich-willkommen\/\"},{\"@type\":\"ListItem\",\"position\":2,\"name\":\"PREISE\"}]},{\"@type\":\"WebSite\",\"@id\":\"https:\/\/atwinkfieldhouse.com\/en\/#website\",\"url\":\"https:\/\/atwinkfieldhouse.com\/en\/\",\"name\":\"Winkfield Guest House\",\"description\":\"Guesthouse Somerset West - Cape Town\",\"potentialAction\":[{\"@type\":\"SearchAction\",\"target\":{\"@type\":\"EntryPoint\",\"urlTemplate\":\"https:\/\/atwinkfieldhouse.com\/en\/?s={search_term_string}\"},\"query-input\":{\"@type\":\"PropertyValueSpecification\",\"valueRequired\":true,\"valueName\":\"search_term_string\"}}],\"inLanguage\":\"de\"}]}<\/script>\n<!-- \/ Yoast SEO plugin. -->","yoast_head_json":{"title":"PREISE - Winkfield Guest House","robots":{"index":"index","follow":"follow","max-snippet":"max-snippet:-1","max-image-preview":"max-image-preview:large","max-video-preview":"max-video-preview:-1"},"canonical":"https:\/\/atwinkfieldhouse.com\/de\/preise\/","og_locale":"de_DE","og_type":"article","og_title":"PREISE - Winkfield Guest House","og_url":"https:\/\/atwinkfieldhouse.com\/de\/preise\/","og_site_name":"Winkfield Guest House","article_modified_time":"2025-11-07T08:32:49+00:00","twitter_card":"summary_large_image","twitter_misc":{"Gesch\u00e4tzte Lesezeit":"2\u00a0Minuten"},"schema":{"@context":"https:\/\/schema.org","@graph":[{"@type":"WebPage","@id":"https:\/\/atwinkfieldhouse.com\/de\/preise\/","url":"https:\/\/atwinkfieldhouse.com\/de\/preise\/","name":"PREISE - Winkfield Guest House","isPartOf":{"@id":"https:\/\/atwinkfieldhouse.com\/en\/#website"},"datePublished":"2016-02-19T21:17:50+00:00","dateModified":"2025-11-07T08:32:49+00:00","breadcrumb":{"@id":"https:\/\/atwinkfieldhouse.com\/de\/preise\/#breadcrumb"},"inLanguage":"de","potentialAction":[{"@type":"ReadAction","target":["https:\/\/atwinkfieldhouse.com\/de\/preise\/"]}]},{"@type":"BreadcrumbList","@id":"https:\/\/atwinkfieldhouse.com\/de\/preise\/#breadcrumb","itemListElement":[{"@type":"ListItem","position":1,"name":"Home","item":"https:\/\/atwinkfieldhouse.com\/de\/herzlich-willkommen\/"},{"@type":"ListItem","position":2,"name":"PREISE"}]},{"@type":"WebSite","@id":"https:\/\/atwinkfieldhouse.com\/en\/#website","url":"https:\/\/atwinkfieldhouse.com\/en\/","name":"Winkfield Guest House","description":"Guesthouse Somerset West - Cape Town","potentialAction":[{"@type":"SearchAction","target":{"@type":"EntryPoint","urlTemplate":"https:\/\/atwinkfieldhouse.com\/en\/?s={search_term_string}"},"query-input":{"@type":"PropertyValueSpecification","valueRequired":true,"valueName":"search_term_string"}}],"inLanguage":"de"}]}},"_links":{"self":[{"href":"https:\/\/atwinkfieldhouse.com\/de\/wp-json\/wp\/v2\/pages\/1253","targetHints":{"allow":["GET"]}}],"collection":[{"href":"https:\/\/atwinkfieldhouse.com\/de\/wp-json\/wp\/v2\/pages"}],"about":[{"href":"https:\/\/atwinkfieldhouse.com\/de\/wp-json\/wp\/v2\/types\/page"}],"author":[{"embeddable":true,"href":"https:\/\/atwinkfieldhouse.com\/de\/wp-json\/wp\/v2\/users\/1"}],"replies":[{"embeddable":true,"href":"https:\/\/atwinkfieldhouse.com\/de\/wp-json\/wp\/v2\/comments?post=1253"}],"version-history":[{"count":25,"href":"https:\/\/atwinkfieldhouse.com\/de\/wp-json\/wp\/v2\/pages\/1253\/revisions"}],"predecessor-version":[{"id":2324,"href":"https:\/\/atwinkfieldhouse.com\/de\/wp-json\/wp\/v2\/pages\/1253\/revisions\/2324"}],"wp:attachment":[{"href":"https:\/\/atwinkfieldhouse.com\/de\/wp-json\/wp\/v2\/media?parent=1253"}],"curies":[{"name":"wp","href":"https:\/\/api.w.org\/{rel}","templated":true}]}}