{"id":1250,"date":"2019-06-28T13:45:48","date_gmt":"2019-06-28T13:45:48","guid":{"rendered":"https:\/\/www.atwinkfieldhouse.com\/terms\/"},"modified":"2025-06-08T09:59:57","modified_gmt":"2025-06-08T07:59:57","slug":"agbs","status":"publish","type":"page","link":"https:\/\/atwinkfieldhouse.com\/de\/agbs\/","title":{"rendered":"AGBS"},"content":{"rendered":"\n<style type=\"text\/css\" data-created_by=\"avia_inline_auto\" id=\"style-css-av-4kdf6v-1b2a49d3cb2ae8e6f2f4795364c103e7\">\n.avia-section.av-4kdf6v-1b2a49d3cb2ae8e6f2f4795364c103e7{\nbackground-repeat:no-repeat;\nbackground-image:url(https:\/\/atwinkfieldhouse.com\/wp-content\/uploads\/2019\/06\/guest-house-1500x501.png);\nbackground-position:50% 50%;\nbackground-attachment:scroll;\n}\n<\/style>\n<div id='av_section_1'  class='avia-section av-4kdf6v-1b2a49d3cb2ae8e6f2f4795364c103e7 main_color avia-section-default avia-no-shadow  avia-builder-el-0  el_before_av_section  avia-builder-el-first  avia-full-stretch avia-bg-style-scroll av-minimum-height av-minimum-height-custom av-height-custom  container_wrap fullsize'  data-section-bg-repeat='stretch' data-av_minimum_height_px='450'><div class='container av-section-cont-open' style='height:450px'><main  role=\"main\" itemprop=\"mainContentOfPage\"  class='template-page content  av-content-full alpha units'><div class='post-entry post-entry-type-page post-entry-1250'><div class='entry-content-wrapper clearfix'>\n<\/div><\/div><\/main><!-- close content main element --><\/div><\/div>\n<style type=\"text\/css\" data-created_by=\"avia_inline_auto\" id=\"style-css-av-4chvmn-5ca169020d0879a326a6bd488f21ae1c\">\n.avia-section.av-4chvmn-5ca169020d0879a326a6bd488f21ae1c{\nbackground-repeat:no-repeat;\nbackground-image:url(https:\/\/atwinkfieldhouse.com\/wp-content\/uploads\/2015\/07\/ornament-bg-top-small-1.png);\nbackground-position:50% 0%;\nbackground-attachment:scroll;\n}\n.avia-section.av-4chvmn-5ca169020d0879a326a6bd488f21ae1c .av-extra-border-element .av-extra-border-inner{\nbackground-color:#ffffff;\n}\n<\/style>\n<div id='av_section_2'  class='avia-section av-4chvmn-5ca169020d0879a326a6bd488f21ae1c main_color avia-section-huge avia-no-border-styling  avia-builder-el-1  el_after_av_section  avia-builder-el-last  avia-full-contain avia-bg-style-scroll av-arrow-down-section container_wrap fullsize'  data-section-bg-repeat='contain'><div class='container av-section-cont-open' ><div class='template-page content  av-content-full alpha units'><div class='post-entry post-entry-type-page post-entry-1250'><div class='entry-content-wrapper clearfix'>\n\n<style type=\"text\/css\" data-created_by=\"avia_inline_auto\" id=\"style-css-av-ezcun-afea93cd849e1414ffd0ba5fcb20e7a0\">\n#top .flex_column.av-ezcun-afea93cd849e1414ffd0ba5fcb20e7a0{\nmargin-top:-200px;\nmargin-bottom:0px;\n}\n.flex_column.av-ezcun-afea93cd849e1414ffd0ba5fcb20e7a0{\nborder-radius:0px 0px 0px 0px;\npadding:30px 30px 30px 30px;\nbackground-color:#ffffff;\n}\n.responsive #top #wrap_all .flex_column.av-ezcun-afea93cd849e1414ffd0ba5fcb20e7a0{\nmargin-top:-200px;\nmargin-bottom:0px;\n}\n<\/style>\n<div  class='flex_column av-ezcun-afea93cd849e1414ffd0ba5fcb20e7a0 av_one_full  avia-builder-el-2  el_before_av_hr  avia-builder-el-first  first flex_column_div  '     ><p>\n<style type=\"text\/css\" data-created_by=\"avia_inline_auto\" id=\"style-css-av-av_heading-2e8703b2bce25ab28b93c92484e7b41a\">\n#top .av-special-heading.av-av_heading-2e8703b2bce25ab28b93c92484e7b41a{\npadding-bottom:20px;\nfont-size:40px;\n}\nbody .av-special-heading.av-av_heading-2e8703b2bce25ab28b93c92484e7b41a .av-special-heading-tag .heading-char{\nfont-size:25px;\n}\n#top #wrap_all .av-special-heading.av-av_heading-2e8703b2bce25ab28b93c92484e7b41a .av-special-heading-tag{\nfont-size:40px;\n}\n.av-special-heading.av-av_heading-2e8703b2bce25ab28b93c92484e7b41a .av-subheading{\nfont-size:15px;\n}\n\n@media only screen and (min-width: 480px) and (max-width: 767px){ \n#top #wrap_all .av-special-heading.av-av_heading-2e8703b2bce25ab28b93c92484e7b41a .av-special-heading-tag{\nfont-size:0.8em;\n}\n}\n\n@media only screen and (max-width: 479px){ \n#top #wrap_all .av-special-heading.av-av_heading-2e8703b2bce25ab28b93c92484e7b41a .av-special-heading-tag{\nfont-size:0.8em;\n}\n}\n<\/style>\n<div  class='av-special-heading av-av_heading-2e8703b2bce25ab28b93c92484e7b41a av-special-heading-h1 blockquote modern-quote modern-centered  avia-builder-el-3  el_before_av_button  avia-builder-el-first  av-inherit-size'><h1 class='av-special-heading-tag '  itemprop=\"headline\"  >Allgemeine Gesch\u00e4ftsbedingungen<\/h1><div class=\"special-heading-border\"><div class=\"special-heading-inner-border\"><\/div><\/div><\/div><br \/>\n<div  class='avia-button-wrap av-jxef4zln-1a8029a336176fcda54e95664706be7d-wrap avia-button-center  avia-builder-el-4  el_after_av_heading  avia-builder-el-last '><a href='https:\/\/book.nightsbridge.com\/10521' class='avia-button av-jxef4zln-1a8029a336176fcda54e95664706be7d av-link-btn avia-icon_select-no avia-size-large avia-position-center avia-color-theme-color' target=\"_blank\" rel=\"noopener noreferrer\" aria-label=\"buchen Sie jetzt\"><span class='avia_iconbox_title' >buchen Sie jetzt<\/span><\/a><\/div><\/p><\/div>\n<style type=\"text\/css\" data-created_by=\"avia_inline_auto\" id=\"style-css-av-3xe40f-df2486d19ca39e578b01009e833d450a\">\n#top .hr.av-3xe40f-df2486d19ca39e578b01009e833d450a{\nmargin-top:0px;\nmargin-bottom:70px;\n}\n.hr.av-3xe40f-df2486d19ca39e578b01009e833d450a .hr-inner{\nwidth:50px;\nborder-color:#f8f8f8;\nmax-width:45%;\n}\n.hr.av-3xe40f-df2486d19ca39e578b01009e833d450a .av-seperator-icon{\ncolor:#e5c80c;\n}\n<\/style>\n<div  class='hr av-3xe40f-df2486d19ca39e578b01009e833d450a hr-custom  avia-builder-el-5  el_after_av_one_full  el_before_av_two_third  av-desktop-hide av-medium-hide av-small-hide av-mini-hide hr-center hr-icon-yes'><span class='hr-inner inner-border-av-border-fat'><span class=\"hr-inner-style\"><\/span><\/span><span class='av-seperator-icon' aria-hidden='true' data-av_icon='\ue8ce' data-av_iconfont='entypo-fontello'><\/span><span class='hr-inner inner-border-av-border-fat'><span class=\"hr-inner-style\"><\/span><\/span><\/div>\n\n<style type=\"text\/css\" data-created_by=\"avia_inline_auto\" id=\"style-css-av-dl2nz-7e2fc2788795b9b94e840792f4aa1997\">\n.flex_column.av-dl2nz-7e2fc2788795b9b94e840792f4aa1997{\nborder-radius:0px 0px 0px 0px;\npadding:0px 0px 0px 0px;\n}\n<\/style>\n<div  class='flex_column av-dl2nz-7e2fc2788795b9b94e840792f4aa1997 av_two_third  avia-builder-el-6  el_after_av_hr  el_before_av_one_third  first flex_column_div av-animated-generic bottom-to-top av-zero-column-padding  '     ><section  class='av_textblock_section av-3dtz8v-4f7cd710579c9790fc28257c430b8b9c '   itemscope=\"itemscope\" itemtype=\"https:\/\/schema.org\/CreativeWork\" ><div class='avia_textblock'  itemprop=\"text\" ><ul>\n<li>S\u00e4mtliche Preise verstehen sich in Rand, pro Person und Nacht f\u00fcr max. zwei Personen pro Zimmer\/exklusive Fr\u00fchst\u00fccksb\u00fcfett.<\/li>\n<li>Bei Bezahlung mit der Kreditkarte fallen zus\u00e4tzlich zum \u00dcbernachtungspreis 4,5% Geb\u00fchren an.<\/li>\n<li>F\u00fcr von uns erbrachte Sonderleistungen \u00fcbernehmen wir im Schadensfalle keine Haftung.<\/li>\n<li>Alle Innenr\u00e4ume sind als Nichtraucherr\u00e4ume zu betrachten.<\/li>\n<li>Raucherzonen au\u00dferhalb der Geb\u00e4ude sind vorhanden.<\/li>\n<li>Eltern haften f\u00fcr ihre Kinder. Kinder ab 12 Jahren sind herzlich willkommen.<\/li>\n<li>Der Swimmingpool ist ein offen zug\u00e4nglicher Pool.<\/li>\n<li>Haustiere sind nicht gestattet.<\/li>\n<\/ul>\n<\/div><\/section><\/div>\n<style type=\"text\/css\" data-created_by=\"avia_inline_auto\" id=\"style-css-av-dl2nz-5580be8880c209d4d821bebac488e95a\">\n.flex_column.av-dl2nz-5580be8880c209d4d821bebac488e95a{\nborder-radius:0px 0px 0px 0px;\npadding:0px 0px 0px 0px;\n}\n<\/style>\n<div  class='flex_column av-dl2nz-5580be8880c209d4d821bebac488e95a av_one_third  avia-builder-el-8  el_after_av_two_third  avia-builder-el-last  flex_column_div av-animated-generic bottom-to-top av-zero-column-padding  '     ><p>\n<style type=\"text\/css\" data-created_by=\"avia_inline_auto\" id=\"style-css-av-jxg5jhc3-fbb23cd82859cf1ba704c9e3fe1f53dc\">\n.avia-image-container.av-jxg5jhc3-fbb23cd82859cf1ba704c9e3fe1f53dc img.avia_image{\nbox-shadow:none;\n}\n.avia-image-container.av-jxg5jhc3-fbb23cd82859cf1ba704c9e3fe1f53dc .av-image-caption-overlay-center{\ncolor:#ffffff;\n}\n<\/style>\n<div  class='avia-image-container av-jxg5jhc3-fbb23cd82859cf1ba704c9e3fe1f53dc av-styling- avia-align-center  avia-builder-el-9  el_before_av_textblock  avia-builder-el-first '   itemprop=\"image\" itemscope=\"itemscope\" itemtype=\"https:\/\/schema.org\/ImageObject\" ><div class=\"avia-image-container-inner\"><div class=\"avia-image-overlay-wrap\"><img decoding=\"async\" fetchpriority=\"high\" class='wp-image-1232 avia-img-lazy-loading-not-1232 avia_image ' src=\"https:\/\/atwinkfieldhouse.com\/wp-content\/uploads\/2019\/06\/frame_kontakt-300x192.png\" alt='' title='frame_kontakt'  height=\"192\" width=\"300\"  itemprop=\"thumbnailUrl\" srcset=\"https:\/\/atwinkfieldhouse.com\/wp-content\/uploads\/2019\/06\/frame_kontakt-300x192.png 300w, https:\/\/atwinkfieldhouse.com\/wp-content\/uploads\/2019\/06\/frame_kontakt.png 326w\" sizes=\"(max-width: 300px) 100vw, 300px\" \/><\/div><\/div><\/div><br \/>\n<section  class='av_textblock_section av-jxg5k1rg-29f9782d0f7516fd07b3cabd6b9726de '   itemscope=\"itemscope\" itemtype=\"https:\/\/schema.org\/CreativeWork\" ><div class='avia_textblock'  itemprop=\"text\" ><p>Gerne stehen wir Ihnen f\u00fcr Fragen<br \/>\nauch telefonisch zur Verf\u00fcgung.<\/p>\n<p><strong>At Winkfield House<\/strong><br \/>\nWestern Cape | South Africa<br \/>\n<a href=\"https:\/\/goo.gl\/maps\/xB3yCeaB95L3RQxK8\" target=\"_blank\" rel=\"noopener noreferrer\">36 Scholtz Road | Somerset West 7130<\/a><br \/>\nTel: <a href=\"tel:0824557235\" target=\"_blank\" rel=\"noopener noreferrer\">+27 82 455 72 35<\/a><br \/>\n<a href=\"mailto:info@winkfieldhouse.com\">info@winkfieldhouse.com<\/a><\/p>\n<\/div><\/section><\/p><\/div>\n","protected":false},"excerpt":{"rendered":"","protected":false},"author":1,"featured_media":0,"parent":0,"menu_order":0,"comment_status":"closed","ping_status":"closed","template":"","meta":{"_mo_disable_npp":"","footnotes":""},"class_list":["post-1250","page","type-page","status-publish","hentry"],"yoast_head":"<!-- This site is optimized with the Yoast SEO plugin v26.8 - https:\/\/yoast.com\/product\/yoast-seo-wordpress\/ -->\n<title>AGBS - Winkfield Guest House<\/title>\n<meta name=\"robots\" content=\"index, follow, max-snippet:-1, max-image-preview:large, max-video-preview:-1\" \/>\n<link rel=\"canonical\" href=\"https:\/\/atwinkfieldhouse.com\/de\/agbs\/\" \/>\n<meta property=\"og:locale\" content=\"de_DE\" \/>\n<meta property=\"og:type\" content=\"article\" \/>\n<meta property=\"og:title\" content=\"AGBS - Winkfield Guest House\" \/>\n<meta property=\"og:url\" content=\"https:\/\/atwinkfieldhouse.com\/de\/agbs\/\" \/>\n<meta property=\"og:site_name\" content=\"Winkfield Guest House\" \/>\n<meta property=\"article:modified_time\" content=\"2025-06-08T07:59:57+00:00\" \/>\n<meta name=\"twitter:card\" content=\"summary_large_image\" \/>\n<meta name=\"twitter:label1\" content=\"Gesch\u00e4tzte Lesezeit\" \/>\n\t<meta name=\"twitter:data1\" content=\"1\u00a0Minute\" \/>\n<script type=\"application\/ld+json\" class=\"yoast-schema-graph\">{\"@context\":\"https:\/\/schema.org\",\"@graph\":[{\"@type\":\"WebPage\",\"@id\":\"https:\/\/atwinkfieldhouse.com\/de\/agbs\/\",\"url\":\"https:\/\/atwinkfieldhouse.com\/de\/agbs\/\",\"name\":\"AGBS - Winkfield Guest House\",\"isPartOf\":{\"@id\":\"https:\/\/atwinkfieldhouse.com\/en\/#website\"},\"datePublished\":\"2019-06-28T13:45:48+00:00\",\"dateModified\":\"2025-06-08T07:59:57+00:00\",\"breadcrumb\":{\"@id\":\"https:\/\/atwinkfieldhouse.com\/de\/agbs\/#breadcrumb\"},\"inLanguage\":\"de\",\"potentialAction\":[{\"@type\":\"ReadAction\",\"target\":[\"https:\/\/atwinkfieldhouse.com\/de\/agbs\/\"]}]},{\"@type\":\"BreadcrumbList\",\"@id\":\"https:\/\/atwinkfieldhouse.com\/de\/agbs\/#breadcrumb\",\"itemListElement\":[{\"@type\":\"ListItem\",\"position\":1,\"name\":\"Home\",\"item\":\"https:\/\/atwinkfieldhouse.com\/de\/herzlich-willkommen\/\"},{\"@type\":\"ListItem\",\"position\":2,\"name\":\"AGBS\"}]},{\"@type\":\"WebSite\",\"@id\":\"https:\/\/atwinkfieldhouse.com\/en\/#website\",\"url\":\"https:\/\/atwinkfieldhouse.com\/en\/\",\"name\":\"Winkfield Guest House\",\"description\":\"Guesthouse Somerset West - Cape Town\",\"potentialAction\":[{\"@type\":\"SearchAction\",\"target\":{\"@type\":\"EntryPoint\",\"urlTemplate\":\"https:\/\/atwinkfieldhouse.com\/en\/?s={search_term_string}\"},\"query-input\":{\"@type\":\"PropertyValueSpecification\",\"valueRequired\":true,\"valueName\":\"search_term_string\"}}],\"inLanguage\":\"de\"}]}<\/script>\n<!-- \/ Yoast SEO plugin. -->","yoast_head_json":{"title":"AGBS - Winkfield Guest House","robots":{"index":"index","follow":"follow","max-snippet":"max-snippet:-1","max-image-preview":"max-image-preview:large","max-video-preview":"max-video-preview:-1"},"canonical":"https:\/\/atwinkfieldhouse.com\/de\/agbs\/","og_locale":"de_DE","og_type":"article","og_title":"AGBS - Winkfield Guest House","og_url":"https:\/\/atwinkfieldhouse.com\/de\/agbs\/","og_site_name":"Winkfield Guest House","article_modified_time":"2025-06-08T07:59:57+00:00","twitter_card":"summary_large_image","twitter_misc":{"Gesch\u00e4tzte Lesezeit":"1\u00a0Minute"},"schema":{"@context":"https:\/\/schema.org","@graph":[{"@type":"WebPage","@id":"https:\/\/atwinkfieldhouse.com\/de\/agbs\/","url":"https:\/\/atwinkfieldhouse.com\/de\/agbs\/","name":"AGBS - Winkfield Guest House","isPartOf":{"@id":"https:\/\/atwinkfieldhouse.com\/en\/#website"},"datePublished":"2019-06-28T13:45:48+00:00","dateModified":"2025-06-08T07:59:57+00:00","breadcrumb":{"@id":"https:\/\/atwinkfieldhouse.com\/de\/agbs\/#breadcrumb"},"inLanguage":"de","potentialAction":[{"@type":"ReadAction","target":["https:\/\/atwinkfieldhouse.com\/de\/agbs\/"]}]},{"@type":"BreadcrumbList","@id":"https:\/\/atwinkfieldhouse.com\/de\/agbs\/#breadcrumb","itemListElement":[{"@type":"ListItem","position":1,"name":"Home","item":"https:\/\/atwinkfieldhouse.com\/de\/herzlich-willkommen\/"},{"@type":"ListItem","position":2,"name":"AGBS"}]},{"@type":"WebSite","@id":"https:\/\/atwinkfieldhouse.com\/en\/#website","url":"https:\/\/atwinkfieldhouse.com\/en\/","name":"Winkfield Guest House","description":"Guesthouse Somerset West - Cape Town","potentialAction":[{"@type":"SearchAction","target":{"@type":"EntryPoint","urlTemplate":"https:\/\/atwinkfieldhouse.com\/en\/?s={search_term_string}"},"query-input":{"@type":"PropertyValueSpecification","valueRequired":true,"valueName":"search_term_string"}}],"inLanguage":"de"}]}},"_links":{"self":[{"href":"https:\/\/atwinkfieldhouse.com\/de\/wp-json\/wp\/v2\/pages\/1250","targetHints":{"allow":["GET"]}}],"collection":[{"href":"https:\/\/atwinkfieldhouse.com\/de\/wp-json\/wp\/v2\/pages"}],"about":[{"href":"https:\/\/atwinkfieldhouse.com\/de\/wp-json\/wp\/v2\/types\/page"}],"author":[{"embeddable":true,"href":"https:\/\/atwinkfieldhouse.com\/de\/wp-json\/wp\/v2\/users\/1"}],"replies":[{"embeddable":true,"href":"https:\/\/atwinkfieldhouse.com\/de\/wp-json\/wp\/v2\/comments?post=1250"}],"version-history":[{"count":8,"href":"https:\/\/atwinkfieldhouse.com\/de\/wp-json\/wp\/v2\/pages\/1250\/revisions"}],"predecessor-version":[{"id":2151,"href":"https:\/\/atwinkfieldhouse.com\/de\/wp-json\/wp\/v2\/pages\/1250\/revisions\/2151"}],"wp:attachment":[{"href":"https:\/\/atwinkfieldhouse.com\/de\/wp-json\/wp\/v2\/media?parent=1250"}],"curies":[{"name":"wp","href":"https:\/\/api.w.org\/{rel}","templated":true}]}}